{"id":333,"date":"2025-11-06T17:41:59","date_gmt":"2025-11-06T17:41:59","guid":{"rendered":"https:\/\/projetos.effectecommerce.com.br\/?page_id=333"},"modified":"2026-05-09T22:00:11","modified_gmt":"2026-05-09T22:00:11","slug":"contato","status":"publish","type":"page","link":"https:\/\/escovasantaclara.com.br\/site\/contato\/","title":{"rendered":"Contato"},"content":{"rendered":"\t\t<div data-elementor-type=\"wp-page\" data-elementor-id=\"333\" class=\"elementor elementor-333\" data-elementor-post-type=\"page\">\n\t\t\t\t<div class=\"elementor-element elementor-element-c9891dc e-flex e-con-boxed e-con e-parent\" data-id=\"c9891dc\" data-element_type=\"container\">\n\t\t\t\t\t<div class=\"e-con-inner\">\n\t\t\t\t<div class=\"elementor-element elementor-element-8d22b67 elementor-widget__width-inherit elementor-widget elementor-widget-heading\" data-id=\"8d22b67\" data-element_type=\"widget\" data-widget_type=\"heading.default\">\n\t\t\t\t<div class=\"elementor-widget-container\">\n\t\t\t\t\t<h1 class=\"elementor-heading-title elementor-size-default\">Entre em Contato<\/h1>\t\t\t\t<\/div>\n\t\t\t\t<\/div>\n\t\t\t\t\t<\/div>\n\t\t\t\t<\/div>\n\t\t<div class=\"elementor-element elementor-element-fa613db e-grid e-con-boxed e-con e-parent\" data-id=\"fa613db\" data-element_type=\"container\">\n\t\t\t\t\t<div class=\"e-con-inner\">\n\t\t<div class=\"elementor-element elementor-element-4beed3d e-con-full e-flex e-con e-child\" data-id=\"4beed3d\" data-element_type=\"container\" data-settings=\"{&quot;background_background&quot;:&quot;classic&quot;}\">\n\t\t\t\t<div class=\"elementor-element elementor-element-f0eb960 elementor-widget elementor-widget-heading\" data-id=\"f0eb960\" data-element_type=\"widget\" data-widget_type=\"heading.default\">\n\t\t\t\t<div class=\"elementor-widget-container\">\n\t\t\t\t\t<h2 class=\"elementor-heading-title elementor-size-default\">Escovas Santa Clara Industria e Comercio Ltda<\/h2>\t\t\t\t<\/div>\n\t\t\t\t<\/div>\n\t\t<div class=\"elementor-element elementor-element-d7d0e92 e-con-full e-flex e-con e-child\" data-id=\"d7d0e92\" data-element_type=\"container\">\n\t\t\t\t<div class=\"elementor-element elementor-element-8d2f91a elementor-view-default elementor-widget elementor-widget-icon\" data-id=\"8d2f91a\" data-element_type=\"widget\" data-widget_type=\"icon.default\">\n\t\t\t\t<div class=\"elementor-widget-container\">\n\t\t\t\t\t\t\t<div class=\"elementor-icon-wrapper\">\n\t\t\t<div class=\"elementor-icon\">\n\t\t\t<svg xmlns=\"http:\/\/www.w3.org\/2000\/svg\" width=\"32\" height=\"32\" viewBox=\"0 0 32 32\" fill=\"none\"><path d=\"M16 29.3334C16 29.3334 26 21.3334 26 12.6667C26 7.14408 21.5227 2.66675 16 2.66675C10.4773 2.66675 6 7.14408 6 12.6667C6 21.3334 16 29.3334 16 29.3334Z\" stroke=\"black\" stroke-width=\"2\" stroke-linejoin=\"round\"><\/path><path d=\"M16 16.6667C16.5253 16.6667 17.0454 16.5633 17.5307 16.3623C18.016 16.1612 18.457 15.8666 18.8284 15.4952C19.1999 15.1237 19.4945 14.6828 19.6955 14.1975C19.8965 13.7122 20 13.192 20 12.6667C20 12.1415 19.8965 11.6213 19.6955 11.136C19.4945 10.6507 19.1999 10.2098 18.8284 9.83832C18.457 9.46689 18.016 9.17225 17.5307 8.97123C17.0454 8.77021 16.5253 8.66675 16 8.66675C14.9391 8.66675 13.9217 9.08818 13.1716 9.83832C12.4214 10.5885 12 11.6059 12 12.6667C12 13.7276 12.4214 14.745 13.1716 15.4952C13.9217 16.2453 14.9391 16.6667 16 16.6667Z\" stroke=\"black\" stroke-width=\"2\" stroke-linejoin=\"round\"><\/path><\/svg>\t\t\t<\/div>\n\t\t<\/div>\n\t\t\t\t\t\t<\/div>\n\t\t\t\t<\/div>\n\t\t\t\t<div class=\"elementor-element elementor-element-d09f65f elementor-widget elementor-widget-heading\" data-id=\"d09f65f\" data-element_type=\"widget\" data-widget_type=\"heading.default\">\n\t\t\t\t<div class=\"elementor-widget-container\">\n\t\t\t\t\t<h2 class=\"elementor-heading-title elementor-size-default\">\u00a0Rua Lav\u00ednia Ribeiro, 19 \u2013 Vila Diva \u2013 S\u00e3o Paulo, SP<\/h2>\t\t\t\t<\/div>\n\t\t\t\t<\/div>\n\t\t\t\t<\/div>\n\t\t<div class=\"elementor-element elementor-element-977a8a5 e-con-full e-flex e-con e-child\" data-id=\"977a8a5\" data-element_type=\"container\">\n\t\t\t\t<div class=\"elementor-element elementor-element-2849ba0 elementor-widget__width-initial elementor-widget elementor-widget-google_maps\" data-id=\"2849ba0\" data-element_type=\"widget\" data-widget_type=\"google_maps.default\">\n\t\t\t\t<div class=\"elementor-widget-container\">\n\t\t\t\t\t\t\t<div class=\"elementor-custom-embed\">\n\t\t\t<iframe loading=\"lazy\"\n\t\t\t\t\tsrc=\"https:\/\/maps.google.com\/maps?q=R.%20Lav%C3%ADnia%20Ribeiro%2C%2019%20-%20Vila%20Santa%20Clara%2C%20S%C3%A3o%20Paulo%20-%20SP%2C%2003351-110&#038;t=m&#038;z=10&#038;output=embed&#038;iwloc=near\"\n\t\t\t\t\ttitle=\"R. Lav\u00ednia Ribeiro, 19 - Vila Santa Clara, S\u00e3o Paulo - SP, 03351-110\"\n\t\t\t\t\taria-label=\"R. Lav\u00ednia Ribeiro, 19 - Vila Santa Clara, S\u00e3o Paulo - SP, 03351-110\"\n\t\t\t><\/iframe>\n\t\t<\/div>\n\t\t\t\t\t\t<\/div>\n\t\t\t\t<\/div>\n\t\t\t\t<\/div>\n\t\t\t\t<div class=\"elementor-element elementor-element-4d34993 elementor-widget elementor-widget-heading\" data-id=\"4d34993\" data-element_type=\"widget\" data-widget_type=\"heading.default\">\n\t\t\t\t<div class=\"elementor-widget-container\">\n\t\t\t\t\t<h2 class=\"elementor-heading-title elementor-size-default\"><br>Telefone e Whatsapp:<\/h2>\t\t\t\t<\/div>\n\t\t\t\t<\/div>\n\t\t<div class=\"elementor-element elementor-element-9070fc7 e-con-full e-flex e-con e-child\" data-id=\"9070fc7\" data-element_type=\"container\">\n\t\t\t\t<div class=\"elementor-element elementor-element-dd8dca5 elementor-view-default elementor-widget elementor-widget-icon\" data-id=\"dd8dca5\" data-element_type=\"widget\" data-widget_type=\"icon.default\">\n\t\t\t\t<div class=\"elementor-widget-container\">\n\t\t\t\t\t\t\t<div class=\"elementor-icon-wrapper\">\n\t\t\t<div class=\"elementor-icon\">\n\t\t\t<svg xmlns=\"http:\/\/www.w3.org\/2000\/svg\" width=\"32\" height=\"32\" viewBox=\"0 0 32 32\" fill=\"none\"><path d=\"M27.9282 20.1298L21.9025 17.4295C21.6294 17.3125 21.3315 17.2654 21.0358 17.2926C20.74 17.3198 20.4557 17.4203 20.2085 17.5851C20.1834 17.6012 20.1596 17.6191 20.1371 17.6386L16.9877 20.3173C16.9551 20.3351 16.9187 20.3451 16.8815 20.3464C16.8443 20.3477 16.8073 20.3404 16.7734 20.325C14.7491 19.3479 12.6521 17.2636 11.6712 15.2674C11.6549 15.234 11.6464 15.1974 11.6464 15.1602C11.6464 15.1231 11.6549 15.0864 11.6712 15.0531L14.3588 11.8642C14.3781 11.8406 14.396 11.8159 14.4124 11.7902C14.5749 11.5421 14.673 11.2575 14.698 10.962C14.7229 10.6664 14.6739 10.3694 14.5552 10.0975L11.874 4.08202C11.7218 3.72692 11.4584 3.43078 11.1236 3.23805C10.7887 3.04531 10.4004 2.96638 10.0168 3.01311C8.34995 3.23224 6.81991 4.05082 5.71261 5.31587C4.60531 6.58092 3.99652 8.20588 4.00001 9.88708C4.00001 19.8747 12.1253 28 22.1129 28C23.7941 28.0032 25.4189 27.3943 26.6839 26.2871C27.9488 25.1798 28.7675 23.6499 28.9869 21.9832C29.0335 21.6014 28.9557 21.2148 28.7649 20.8809C28.5742 20.547 28.2807 20.2835 27.9282 20.1298ZM22.1129 26.4693C12.9697 26.4693 5.53068 19.0303 5.53068 9.88708C5.52642 8.57827 5.99882 7.31268 6.85962 6.32676C7.72041 5.34085 8.91072 4.70206 10.2081 4.52974H10.2375C10.2889 4.5307 10.3388 4.54717 10.3807 4.57699C10.4226 4.60681 10.4545 4.64858 10.4722 4.69684L13.1636 10.706C13.179 10.7394 13.1869 10.7757 13.1869 10.8125C13.1869 10.8493 13.179 10.8856 13.1636 10.919L10.4709 14.1156C10.4508 14.1384 10.4325 14.1627 10.4161 14.1883C10.2476 14.4455 10.1484 14.7419 10.128 15.0487C10.1077 15.3555 10.1669 15.6624 10.3 15.9396C11.4314 18.256 13.7657 20.5724 16.1076 21.7038C16.3864 21.8362 16.6948 21.894 17.0026 21.8716C17.3105 21.8493 17.6073 21.7475 17.864 21.5763C17.8883 21.5597 17.9125 21.5418 17.9355 21.5227L21.0835 18.844C21.1146 18.8273 21.149 18.8175 21.1842 18.8153C21.2194 18.8131 21.2547 18.8186 21.2876 18.8313L27.3146 21.5316C27.3639 21.5526 27.4053 21.5885 27.433 21.6343C27.4607 21.6801 27.4733 21.7334 27.469 21.7867C27.2976 23.0848 26.6594 24.276 25.6737 25.1377C24.688 25.9995 23.4222 26.4728 22.1129 26.4693Z\" fill=\"black\"><\/path><\/svg>\t\t\t<\/div>\n\t\t<\/div>\n\t\t\t\t\t\t<\/div>\n\t\t\t\t<\/div>\n\t\t\t\t<div class=\"elementor-element elementor-element-1f6f4aa elementor-widget elementor-widget-heading\" data-id=\"1f6f4aa\" data-element_type=\"widget\" data-widget_type=\"heading.default\">\n\t\t\t\t<div class=\"elementor-widget-container\">\n\t\t\t\t\t<h2 class=\"elementor-heading-title elementor-size-default\">(11) 2028-2193<\/h2>\t\t\t\t<\/div>\n\t\t\t\t<\/div>\n\t\t\t\t<\/div>\n\t\t<div class=\"elementor-element elementor-element-a27db98 e-con-full e-flex e-con e-child\" data-id=\"a27db98\" data-element_type=\"container\">\n\t\t\t\t<div class=\"elementor-element elementor-element-603d597 elementor-view-default elementor-widget elementor-widget-icon\" data-id=\"603d597\" data-element_type=\"widget\" data-widget_type=\"icon.default\">\n\t\t\t\t<div class=\"elementor-widget-container\">\n\t\t\t\t\t\t\t<div class=\"elementor-icon-wrapper\">\n\t\t\t<div class=\"elementor-icon\">\n\t\t\t<svg xmlns=\"http:\/\/www.w3.org\/2000\/svg\" width=\"32\" height=\"32\" viewBox=\"0 0 32 32\" fill=\"none\"><path d=\"M27.9282 20.1298L21.9025 17.4295C21.6294 17.3125 21.3315 17.2654 21.0358 17.2926C20.74 17.3198 20.4557 17.4203 20.2085 17.5851C20.1834 17.6012 20.1596 17.6191 20.1371 17.6386L16.9877 20.3173C16.9551 20.3351 16.9187 20.3451 16.8815 20.3464C16.8443 20.3477 16.8073 20.3404 16.7734 20.325C14.7491 19.3479 12.6521 17.2636 11.6712 15.2674C11.6549 15.234 11.6464 15.1974 11.6464 15.1602C11.6464 15.1231 11.6549 15.0864 11.6712 15.0531L14.3588 11.8642C14.3781 11.8406 14.396 11.8159 14.4124 11.7902C14.5749 11.5421 14.673 11.2575 14.698 10.962C14.7229 10.6664 14.6739 10.3694 14.5552 10.0975L11.874 4.08202C11.7218 3.72692 11.4584 3.43078 11.1236 3.23805C10.7887 3.04531 10.4004 2.96638 10.0168 3.01311C8.34995 3.23224 6.81991 4.05082 5.71261 5.31587C4.60531 6.58092 3.99652 8.20588 4.00001 9.88708C4.00001 19.8747 12.1253 28 22.1129 28C23.7941 28.0032 25.4189 27.3943 26.6839 26.2871C27.9488 25.1798 28.7675 23.6499 28.9869 21.9832C29.0335 21.6014 28.9557 21.2148 28.7649 20.8809C28.5742 20.547 28.2807 20.2835 27.9282 20.1298ZM22.1129 26.4693C12.9697 26.4693 5.53068 19.0303 5.53068 9.88708C5.52642 8.57827 5.99882 7.31268 6.85962 6.32676C7.72041 5.34085 8.91072 4.70206 10.2081 4.52974H10.2375C10.2889 4.5307 10.3388 4.54717 10.3807 4.57699C10.4226 4.60681 10.4545 4.64858 10.4722 4.69684L13.1636 10.706C13.179 10.7394 13.1869 10.7757 13.1869 10.8125C13.1869 10.8493 13.179 10.8856 13.1636 10.919L10.4709 14.1156C10.4508 14.1384 10.4325 14.1627 10.4161 14.1883C10.2476 14.4455 10.1484 14.7419 10.128 15.0487C10.1077 15.3555 10.1669 15.6624 10.3 15.9396C11.4314 18.256 13.7657 20.5724 16.1076 21.7038C16.3864 21.8362 16.6948 21.894 17.0026 21.8716C17.3105 21.8493 17.6073 21.7475 17.864 21.5763C17.8883 21.5597 17.9125 21.5418 17.9355 21.5227L21.0835 18.844C21.1146 18.8273 21.149 18.8175 21.1842 18.8153C21.2194 18.8131 21.2547 18.8186 21.2876 18.8313L27.3146 21.5316C27.3639 21.5526 27.4053 21.5885 27.433 21.6343C27.4607 21.6801 27.4733 21.7334 27.469 21.7867C27.2976 23.0848 26.6594 24.276 25.6737 25.1377C24.688 25.9995 23.4222 26.4728 22.1129 26.4693Z\" fill=\"black\"><\/path><\/svg>\t\t\t<\/div>\n\t\t<\/div>\n\t\t\t\t\t\t<\/div>\n\t\t\t\t<\/div>\n\t\t\t\t<div class=\"elementor-element elementor-element-db48963 elementor-widget elementor-widget-heading\" data-id=\"db48963\" data-element_type=\"widget\" data-widget_type=\"heading.default\">\n\t\t\t\t<div class=\"elementor-widget-container\">\n\t\t\t\t\t<h2 class=\"elementor-heading-title elementor-size-default\">(11) 2925-4330<\/h2>\t\t\t\t<\/div>\n\t\t\t\t<\/div>\n\t\t\t\t<\/div>\n\t\t\t\t<div class=\"elementor-element elementor-element-1d1d650 elementor-widget elementor-widget-heading\" data-id=\"1d1d650\" data-element_type=\"widget\" data-widget_type=\"heading.default\">\n\t\t\t\t<div class=\"elementor-widget-container\">\n\t\t\t\t\t<h2 class=\"elementor-heading-title elementor-size-default\"><br>E-mail:<\/h2>\t\t\t\t<\/div>\n\t\t\t\t<\/div>\n\t\t<div class=\"elementor-element elementor-element-0d2fca7 e-con-full e-flex e-con e-child\" data-id=\"0d2fca7\" data-element_type=\"container\">\n\t\t\t\t<div class=\"elementor-element elementor-element-6d89eae elementor-view-default elementor-widget elementor-widget-icon\" data-id=\"6d89eae\" data-element_type=\"widget\" data-widget_type=\"icon.default\">\n\t\t\t\t<div class=\"elementor-widget-container\">\n\t\t\t\t\t\t\t<div class=\"elementor-icon-wrapper\">\n\t\t\t<div class=\"elementor-icon\">\n\t\t\t<svg xmlns=\"http:\/\/www.w3.org\/2000\/svg\" width=\"32\" height=\"32\" viewBox=\"0 0 32 32\" fill=\"none\"><path d=\"M28 8.5C28 7.125 26.92 6 25.6 6H6.4C5.08 6 4 7.125 4 8.5V23.5C4 24.875 5.08 26 6.4 26H25.6C26.92 26 28 24.875 28 23.5V8.5ZM26.6 7.5L16 14.75L5.4 7.5H26.6ZM26.6 24.5H5.4V11L16 17.25L26.6 11V24.5Z\" fill=\"black\"><\/path><\/svg>\t\t\t<\/div>\n\t\t<\/div>\n\t\t\t\t\t\t<\/div>\n\t\t\t\t<\/div>\n\t\t\t\t<div class=\"elementor-element elementor-element-2a32f09 elementor-widget elementor-widget-heading\" data-id=\"2a32f09\" data-element_type=\"widget\" data-widget_type=\"heading.default\">\n\t\t\t\t<div class=\"elementor-widget-container\">\n\t\t\t\t\t<h2 class=\"elementor-heading-title elementor-size-default\">comercial@escovasantaclara.com.br<\/h2>\t\t\t\t<\/div>\n\t\t\t\t<\/div>\n\t\t\t\t<\/div>\n\t\t\t\t<div class=\"elementor-element elementor-element-6c999bb elementor-widget elementor-widget-heading\" data-id=\"6c999bb\" data-element_type=\"widget\" data-widget_type=\"heading.default\">\n\t\t\t\t<div class=\"elementor-widget-container\">\n\t\t\t\t\t<h2 class=\"elementor-heading-title elementor-size-default\">Hor\u00e1rio de Atendimento:<\/h2>\t\t\t\t<\/div>\n\t\t\t\t<\/div>\n\t\t\t\t<div class=\"elementor-element elementor-element-d8d73da elementor-widget elementor-widget-text-editor\" data-id=\"d8d73da\" data-element_type=\"widget\" data-widget_type=\"text-editor.default\">\n\t\t\t\t<div class=\"elementor-widget-container\">\n\t\t\t\t\t\t\t\t\t<p>Segunda \u00e0 Quinta: 8h \u00e0s 12h e 13h \u00e0s 18h.<br \/>Sexta: 8h \u00e0s 12h e 13h \u00e0s 17h.<br \/>S\u00e1bados e Domingos fechado.<\/p>\t\t\t\t\t\t\t\t<\/div>\n\t\t\t\t<\/div>\n\t\t<div class=\"elementor-element elementor-element-576755f e-con-full e-flex e-con e-child\" data-id=\"576755f\" data-element_type=\"container\">\n\t\t\t\t<div class=\"elementor-element elementor-element-9a03f95 elementor-view-default elementor-widget elementor-widget-icon\" data-id=\"9a03f95\" data-element_type=\"widget\" data-widget_type=\"icon.default\">\n\t\t\t\t<div class=\"elementor-widget-container\">\n\t\t\t\t\t\t\t<div class=\"elementor-icon-wrapper\">\n\t\t\t<div class=\"elementor-icon\">\n\t\t\t<svg xmlns=\"http:\/\/www.w3.org\/2000\/svg\" width=\"48\" height=\"48\" viewBox=\"0 0 48 48\" fill=\"none\"><rect width=\"48\" height=\"48\" rx=\"24\" fill=\"#FFBF00\"><\/rect><path fill-rule=\"evenodd\" clip-rule=\"evenodd\" d=\"M24 12C20.74 12 20.334 12.014 19.052 12.074C14.692 12.274 12.272 14.692 12.072 19.052C12.014 20.334 12 20.742 12 24C12 27.26 12.014 27.668 12.072 28.948C12.272 33.306 14.692 35.728 19.052 35.928C20.334 35.986 20.74 36 24 36C27.26 36 27.668 35.986 28.95 35.928C33.302 35.728 35.732 33.31 35.928 28.948C35.986 27.668 36 27.26 36 24C36 20.742 35.986 20.334 35.928 19.052C35.732 14.698 33.31 12.272 28.95 12.074C27.668 12.014 27.26 12 24 12ZM24.0001 14.164C27.2041 14.164 27.5841 14.176 28.8501 14.234C32.1041 14.382 33.6201 15.924 33.7701 19.152C33.8261 20.418 33.8381 20.796 33.8381 24C33.8381 27.204 33.8261 27.584 33.7701 28.848C33.6201 32.074 32.1061 33.62 28.8501 33.768C27.5841 33.824 27.2061 33.838 24.0001 33.838C20.7961 33.838 20.4161 33.826 19.1521 33.768C15.8921 33.618 14.3821 32.07 14.2321 28.848C14.1761 27.584 14.1621 27.204 14.1621 24C14.1621 20.796 14.1761 20.416 14.2321 19.152C14.3801 15.922 15.8961 14.38 19.1521 14.232C20.4161 14.174 20.7961 14.164 24.0001 14.164ZM17.8379 24C17.8379 20.596 20.5979 17.838 23.9999 17.838C27.4019 17.838 30.1619 20.598 30.1619 24C30.1619 27.404 27.4019 30.162 23.9999 30.162C20.5979 30.162 17.8379 27.404 17.8379 24ZM24 28.0001C21.79 28.0001 20 26.2101 20 24.0001C20 21.7921 21.79 20.0001 24 20.0001C26.208 20.0001 28.002 21.7901 28.002 24.0001C28.002 26.2101 26.208 28.0001 24 28.0001ZM28.9648 17.596C28.9648 16.8 29.6108 16.156 30.4048 16.156C31.2028 16.156 31.8468 16.8 31.8468 17.596C31.8468 18.392 31.2008 19.036 30.4048 19.036C29.6088 19.036 28.9648 18.39 28.9648 17.596Z\" fill=\"black\"><\/path><\/svg>\t\t\t<\/div>\n\t\t<\/div>\n\t\t\t\t\t\t<\/div>\n\t\t\t\t<\/div>\n\t\t\t\t<div class=\"elementor-element elementor-element-b531522 elementor-view-default elementor-widget elementor-widget-icon\" data-id=\"b531522\" data-element_type=\"widget\" data-widget_type=\"icon.default\">\n\t\t\t\t<div class=\"elementor-widget-container\">\n\t\t\t\t\t\t\t<div class=\"elementor-icon-wrapper\">\n\t\t\t<div class=\"elementor-icon\">\n\t\t\t<svg xmlns=\"http:\/\/www.w3.org\/2000\/svg\" width=\"48\" height=\"48\" viewBox=\"0 0 48 48\" fill=\"none\"><rect width=\"48\" height=\"48\" rx=\"24\" fill=\"#FFBF00\"><\/rect><path d=\"M29.5105 12.005L26.3923 12C22.8893 12 20.6254 14.3183 20.6254 17.9064V20.6297H17.4903C17.2194 20.6297 17 20.8489 17 21.1193V25.065C17 25.3354 17.2196 25.5544 17.4903 25.5544H20.6254V35.5106C20.6254 35.781 20.8448 36 21.1157 36H25.2061C25.4771 36 25.6964 35.7808 25.6964 35.5106V25.5544H29.3621C29.633 25.5544 29.8524 25.3354 29.8524 25.065L29.8539 21.1193C29.8539 20.9895 29.8021 20.8651 29.7103 20.7733C29.6185 20.6814 29.4934 20.6297 29.3634 20.6297H25.6964V18.3212C25.6964 17.2116 25.9613 16.6483 27.4095 16.6483L29.51 16.6475C29.7806 16.6475 30 16.4283 30 16.1582V12.4944C30 12.2245 29.7809 12.0055 29.5105 12.005Z\" fill=\"black\"><\/path><\/svg>\t\t\t<\/div>\n\t\t<\/div>\n\t\t\t\t\t\t<\/div>\n\t\t\t\t<\/div>\n\t\t\t\t<div class=\"elementor-element elementor-element-0964196 elementor-view-default elementor-widget elementor-widget-icon\" data-id=\"0964196\" data-element_type=\"widget\" data-widget_type=\"icon.default\">\n\t\t\t\t<div class=\"elementor-widget-container\">\n\t\t\t\t\t\t\t<div class=\"elementor-icon-wrapper\">\n\t\t\t<div class=\"elementor-icon\">\n\t\t\t<svg xmlns=\"http:\/\/www.w3.org\/2000\/svg\" width=\"48\" height=\"48\" viewBox=\"0 0 48 48\" fill=\"none\"><rect width=\"48\" height=\"48\" rx=\"24\" fill=\"#FFBF00\"><\/rect><path fill-rule=\"evenodd\" clip-rule=\"evenodd\" d=\"M34.9553 15.5811C36.1546 15.8942 37.1003 16.8105 37.4231 17.973C38.023 20.0964 37.9999 24.5224 37.9999 24.5224C37.9999 24.5224 37.9999 28.9258 37.4233 31.0493C37.1003 32.2116 36.1548 33.1282 34.9553 33.441C32.7642 34 23.9999 34 23.9999 34C23.9999 34 15.2585 34 13.0445 33.4189C11.8451 33.1058 10.8996 32.1893 10.5766 31.027C10 28.9258 10 24.5 10 24.5C10 24.5 10 20.0964 10.5766 17.973C10.8993 16.8107 11.8681 15.8718 13.0443 15.559C15.2355 15 23.9997 15 23.9997 15C23.9997 15 32.7642 15 34.9553 15.5811ZM28.4981 24.5L21.21 28.5683V20.4318L28.4981 24.5Z\" fill=\"black\"><\/path><\/svg>\t\t\t<\/div>\n\t\t<\/div>\n\t\t\t\t\t\t<\/div>\n\t\t\t\t<\/div>\n\t\t\t\t<\/div>\n\t\t\t\t<\/div>\n\t\t\t\t<div class=\"elementor-element elementor-element-aa5171c elementor-widget elementor-widget-html\" data-id=\"aa5171c\" data-element_type=\"widget\" data-widget_type=\"html.default\">\n\t\t\t\t<div class=\"elementor-widget-container\">\n\t\t\t\t\t<script type=\"text\/javascript\" src=\"https:\/\/form.jotform.com\/jsform\/261286699831068\"><\/script>\t\t\t\t<\/div>\n\t\t\t\t<\/div>\n\t\t\t\t\t<\/div>\n\t\t\t\t<\/div>\n\t\t<div class=\"elementor-element elementor-element-cd5f460 e-flex e-con-boxed e-con e-parent\" data-id=\"cd5f460\" data-element_type=\"container\">\n\t\t\t\t\t<div class=\"e-con-inner\">\n\t\t\t\t\t<\/div>\n\t\t\t\t<\/div>\n\t\t\t\t<\/div>\n\t\t","protected":false},"excerpt":{"rendered":"<p>Entre em Contato Escovas Santa Clara Industria e Comercio Ltda \u00a0Rua Lav\u00ednia Ribeiro, 19 \u2013 Vila Diva \u2013 S\u00e3o Paulo, SP Telefone e Whatsapp: (11) 2028-2193 (11) 2925-4330 E-mail: comercial@escovasantaclara.com.br Hor\u00e1rio de Atendimento: Segunda \u00e0 Quinta: 8h \u00e0s 12h e 13h \u00e0s 18h.Sexta: 8h \u00e0s 12h e 13h \u00e0s 17h.S\u00e1bados e Domingos fechado.<\/p>\n","protected":false},"author":1,"featured_media":0,"parent":0,"menu_order":0,"comment_status":"closed","ping_status":"closed","template":"","meta":{"footnotes":""},"class_list":["post-333","page","type-page","status-publish","hentry"],"_links":{"self":[{"href":"https:\/\/escovasantaclara.com.br\/site\/wp-json\/wp\/v2\/pages\/333","targetHints":{"allow":["GET"]}}],"collection":[{"href":"https:\/\/escovasantaclara.com.br\/site\/wp-json\/wp\/v2\/pages"}],"about":[{"href":"https:\/\/escovasantaclara.com.br\/site\/wp-json\/wp\/v2\/types\/page"}],"author":[{"embeddable":true,"href":"https:\/\/escovasantaclara.com.br\/site\/wp-json\/wp\/v2\/users\/1"}],"replies":[{"embeddable":true,"href":"https:\/\/escovasantaclara.com.br\/site\/wp-json\/wp\/v2\/comments?post=333"}],"version-history":[{"count":97,"href":"https:\/\/escovasantaclara.com.br\/site\/wp-json\/wp\/v2\/pages\/333\/revisions"}],"predecessor-version":[{"id":1652,"href":"https:\/\/escovasantaclara.com.br\/site\/wp-json\/wp\/v2\/pages\/333\/revisions\/1652"}],"wp:attachment":[{"href":"https:\/\/escovasantaclara.com.br\/site\/wp-json\/wp\/v2\/media?parent=333"}],"curies":[{"name":"wp","href":"https:\/\/api.w.org\/{rel}","templated":true}]}}