{"id":1566,"date":"2026-03-04T20:48:36","date_gmt":"2026-03-04T20:48:36","guid":{"rendered":"https:\/\/escovasantaclara.com.br\/site\/?post_type=product&#038;p=1566"},"modified":"2026-03-04T20:48:36","modified_gmt":"2026-03-04T20:48:36","slug":"fibra-abrasiva-limpeza-pesada-2","status":"publish","type":"product","link":"https:\/\/escovasantaclara.com.br\/site\/produto\/fibra-abrasiva-limpeza-pesada-2\/","title":{"rendered":"Fibra Abrasiva Limpeza Pesada"},"content":{"rendered":"","protected":false},"excerpt":{"rendered":"<h2><span style=\"font-size: 20px;\"><b>Fibra Limpeza Pesada<\/b><\/span><\/h2>\n<h4><span style=\"font-size: 18px;\">A Fibra Uso Geral \u00e9 um produto desenvolvido com fibras sint\u00e9ticas e resina que a torna \u00e0 prova d\u2019\u00e1gua, garantindo limpeza sem soltar res\u00edduos ou deixar odores. \u00c9 um utens\u00edlio de alta performance projetado para remover sujeiras incrustradas, gorduras e res\u00edduos resistentes em superf\u00edcies que suportam alta abras\u00e3o, como pisos, grelhas e utens\u00edlios industriais.<\/span><\/h4>\n<h4><span style=\"font-size: 18px;\"><b>Principais Benef\u00edcios:<\/b><\/span><\/h4>\n<h4><span style=\"font-size: 18px;\"><b>\u2013 N\u00e3o solta res\u00edduos met\u00e1licos (segura para \u00e1reas aliment\u00edcias).<\/b><\/span><\/h4>\n<h4><span style=\"font-size: 18px;\"><b>\u2013 A prova d\u2019\u00e1gua\u00a0<\/b>\u2013 N\u00e3o enferruja, perfeita para ambientes \u00famidos.<\/span><\/h4>\n<h4><span style=\"font-size: 18px;\"><b>\u2013 Alta performance na remo\u00e7\u00e3o: projetada com part\u00edculas abrasivas que eliminam gorduras queimadas, manchas e crostas de sujeira por meio do atrito eficiente.<\/b><\/span><\/h4>\n","protected":false},"featured_media":1567,"comment_status":"open","ping_status":"closed","template":"","meta":[],"product_brand":[],"product_cat":[36,21,37,53],"product_tag":[],"class_list":{"0":"post-1566","1":"product","2":"type-product","3":"status-publish","4":"has-post-thumbnail","6":"product_cat-abrasivos","7":"product_cat-escova-santa-clara","8":"product_cat-fibras","9":"product_cat-produtos","11":"first","12":"instock","13":"shipping-taxable","14":"product-type-simple"},"_links":{"self":[{"href":"https:\/\/escovasantaclara.com.br\/site\/wp-json\/wp\/v2\/product\/1566","targetHints":{"allow":["GET"]}}],"collection":[{"href":"https:\/\/escovasantaclara.com.br\/site\/wp-json\/wp\/v2\/product"}],"about":[{"href":"https:\/\/escovasantaclara.com.br\/site\/wp-json\/wp\/v2\/types\/product"}],"replies":[{"embeddable":true,"href":"https:\/\/escovasantaclara.com.br\/site\/wp-json\/wp\/v2\/comments?post=1566"}],"wp:featuredmedia":[{"embeddable":true,"href":"https:\/\/escovasantaclara.com.br\/site\/wp-json\/wp\/v2\/media\/1567"}],"wp:attachment":[{"href":"https:\/\/escovasantaclara.com.br\/site\/wp-json\/wp\/v2\/media?parent=1566"}],"wp:term":[{"taxonomy":"product_brand","embeddable":true,"href":"https:\/\/escovasantaclara.com.br\/site\/wp-json\/wp\/v2\/product_brand?post=1566"},{"taxonomy":"product_cat","embeddable":true,"href":"https:\/\/escovasantaclara.com.br\/site\/wp-json\/wp\/v2\/product_cat?post=1566"},{"taxonomy":"product_tag","embeddable":true,"href":"https:\/\/escovasantaclara.com.br\/site\/wp-json\/wp\/v2\/product_tag?post=1566"}],"curies":[{"name":"wp","href":"https:\/\/api.w.org\/{rel}","templated":true}]}}