{"id":1574,"date":"2026-03-13T20:05:26","date_gmt":"2026-03-13T20:05:26","guid":{"rendered":"https:\/\/escovasantaclara.com.br\/site\/?post_type=product&#038;p=1574"},"modified":"2026-03-13T21:23:05","modified_gmt":"2026-03-13T21:23:05","slug":"escova-de-tynex-para-enceradeira-compensado-naval","status":"publish","type":"product","link":"https:\/\/escovasantaclara.com.br\/site\/produto\/escova-de-tynex-para-enceradeira-compensado-naval\/","title":{"rendered":"Escova de Tynex para Enceradeira Compensado Naval"},"content":{"rendered":"","protected":false},"excerpt":{"rendered":"<p><b>Escova Tynex para Enceradeira\u00a0<\/b><\/p>\n<h4>A Escova Tynex para Enceradeira, ideal para acabamentos em pisos r\u00fasticos, \u00e1speros ou de alto tr\u00e1fego. Sua base de madeira em compensado naval garante alta resist\u00eancia e durabilidade. Compat\u00edvel com todas as marcas e modelos de enceradeiras, \u00e9 feita de filamentos de nylon com carbeto de sil\u00edcio, e \u00e9 altamente abrasiva e ideal para concreto, pedras e cer\u00e2micas.<\/h4>\n<h4><b>Principais Benef\u00edcios:<\/b><\/h4>\n<h4>\u2013\u00a0<b>Base de Compensado Naval<\/b>, dur\u00e1vel e resistente \u00e0 umidade.<\/h4>\n<h4>\u2013\u00a0<b>Ideal para acabamentos\u00a0em pisos r\u00fasticos, \u00e1speros ou de alto tr\u00e1fego<\/b><\/h4>\n<h4>\u2013\u00a0<b>Compat\u00edvel com Todos os Equipamentos do Mercado.<\/b><\/h4>\n","protected":false},"featured_media":1581,"comment_status":"open","ping_status":"closed","template":"","meta":[],"product_brand":[],"product_cat":[27,21,26,53],"product_tag":[],"class_list":{"0":"post-1574","1":"product","2":"type-product","3":"status-publish","4":"has-post-thumbnail","6":"product_cat-enceradeiras","7":"product_cat-escova-santa-clara","8":"product_cat-escovas","9":"product_cat-produtos","11":"first","12":"instock","13":"shipping-taxable","14":"product-type-simple"},"_links":{"self":[{"href":"https:\/\/escovasantaclara.com.br\/site\/wp-json\/wp\/v2\/product\/1574","targetHints":{"allow":["GET"]}}],"collection":[{"href":"https:\/\/escovasantaclara.com.br\/site\/wp-json\/wp\/v2\/product"}],"about":[{"href":"https:\/\/escovasantaclara.com.br\/site\/wp-json\/wp\/v2\/types\/product"}],"replies":[{"embeddable":true,"href":"https:\/\/escovasantaclara.com.br\/site\/wp-json\/wp\/v2\/comments?post=1574"}],"wp:featuredmedia":[{"embeddable":true,"href":"https:\/\/escovasantaclara.com.br\/site\/wp-json\/wp\/v2\/media\/1581"}],"wp:attachment":[{"href":"https:\/\/escovasantaclara.com.br\/site\/wp-json\/wp\/v2\/media?parent=1574"}],"wp:term":[{"taxonomy":"product_brand","embeddable":true,"href":"https:\/\/escovasantaclara.com.br\/site\/wp-json\/wp\/v2\/product_brand?post=1574"},{"taxonomy":"product_cat","embeddable":true,"href":"https:\/\/escovasantaclara.com.br\/site\/wp-json\/wp\/v2\/product_cat?post=1574"},{"taxonomy":"product_tag","embeddable":true,"href":"https:\/\/escovasantaclara.com.br\/site\/wp-json\/wp\/v2\/product_tag?post=1574"}],"curies":[{"name":"wp","href":"https:\/\/api.w.org\/{rel}","templated":true}]}}