{"id":1576,"date":"2026-03-13T20:15:42","date_gmt":"2026-03-13T20:15:42","guid":{"rendered":"https:\/\/escovasantaclara.com.br\/site\/?post_type=product&#038;p=1576"},"modified":"2026-03-13T21:23:39","modified_gmt":"2026-03-13T21:23:39","slug":"escova-tynex-para-enceradeira-com-base-plastica","status":"publish","type":"product","link":"https:\/\/escovasantaclara.com.br\/site\/produto\/escova-tynex-para-enceradeira-com-base-plastica\/","title":{"rendered":"Escova Tynex para Enceradeira \u2013 com Base Pl\u00e1stica"},"content":{"rendered":"","protected":false},"excerpt":{"rendered":"<div class=\"elementor-element elementor-element-0de630f elementor-widget elementor-widget-woocommerce-product-title elementor-page-title elementor-widget-heading\" data-id=\"0de630f\" data-element_type=\"widget\" data-widget_type=\"woocommerce-product-title.default\">\n<div class=\"elementor-widget-container\"><\/div>\n<\/div>\n<div class=\"elementor-element elementor-element-3e3e0e3 elementor-widget elementor-widget-woocommerce-product-short-description\" data-id=\"3e3e0e3\" data-element_type=\"widget\" data-widget_type=\"woocommerce-product-short-description.default\">\n<div class=\"elementor-widget-container\">\n<div class=\"woocommerce-product-details__short-description\">\n<p><b>Escova Tynex para Enceradeira \u2013 com Base Pl\u00e1stica<\/b><\/p>\n<h4>A Escova Tynex para Enceradeira, ideal para acabamentos em pisos r\u00fasticos, \u00e1speros ou de alto tr\u00e1fego.<\/h4>\n<h4>Compat\u00edvel com todas as marcas e modelos de enceradeiras, \u00e9 feita de filamentos de nylon com carbeto de sil\u00edcio, e \u00e9 altamente abrasiva e ideal para concreto, pedras e cer\u00e2micas.<\/h4>\n<h4><b>Principais Benef\u00edcios:<\/b><\/h4>\n<h4><b>\u2013 Base Pl\u00e1stica Anti-Umidade<\/b>, ideal para ambientes sens\u00edveis.<\/h4>\n<h4>\u2013\u00a0<b>Ideal para acabamentos\u00a0em pisos r\u00fasticos, \u00e1speros ou de alto tr\u00e1fego<\/b><\/h4>\n<h4><b>\u2013 Compat\u00edvel com Todos os Equipamentos do Mercado.<\/b><\/h4>\n<\/div>\n<\/div>\n<\/div>\n","protected":false},"featured_media":1582,"comment_status":"open","ping_status":"closed","template":"","meta":[],"product_brand":[],"product_cat":[19,27,21,26,53],"product_tag":[],"class_list":{"0":"post-1576","1":"product","2":"type-product","3":"status-publish","4":"has-post-thumbnail","6":"product_cat-sem-categoria","7":"product_cat-enceradeiras","8":"product_cat-escova-santa-clara","9":"product_cat-escovas","10":"product_cat-produtos","12":"first","13":"instock","14":"shipping-taxable","15":"product-type-simple"},"_links":{"self":[{"href":"https:\/\/escovasantaclara.com.br\/site\/wp-json\/wp\/v2\/product\/1576","targetHints":{"allow":["GET"]}}],"collection":[{"href":"https:\/\/escovasantaclara.com.br\/site\/wp-json\/wp\/v2\/product"}],"about":[{"href":"https:\/\/escovasantaclara.com.br\/site\/wp-json\/wp\/v2\/types\/product"}],"replies":[{"embeddable":true,"href":"https:\/\/escovasantaclara.com.br\/site\/wp-json\/wp\/v2\/comments?post=1576"}],"wp:featuredmedia":[{"embeddable":true,"href":"https:\/\/escovasantaclara.com.br\/site\/wp-json\/wp\/v2\/media\/1582"}],"wp:attachment":[{"href":"https:\/\/escovasantaclara.com.br\/site\/wp-json\/wp\/v2\/media?parent=1576"}],"wp:term":[{"taxonomy":"product_brand","embeddable":true,"href":"https:\/\/escovasantaclara.com.br\/site\/wp-json\/wp\/v2\/product_brand?post=1576"},{"taxonomy":"product_cat","embeddable":true,"href":"https:\/\/escovasantaclara.com.br\/site\/wp-json\/wp\/v2\/product_cat?post=1576"},{"taxonomy":"product_tag","embeddable":true,"href":"https:\/\/escovasantaclara.com.br\/site\/wp-json\/wp\/v2\/product_tag?post=1576"}],"curies":[{"name":"wp","href":"https:\/\/api.w.org\/{rel}","templated":true}]}}