{"id":1615,"date":"2026-04-12T22:39:44","date_gmt":"2026-04-12T22:39:44","guid":{"rendered":"https:\/\/escovasantaclara.com.br\/site\/?post_type=product&#038;p=1615"},"modified":"2026-04-12T22:39:44","modified_gmt":"2026-04-12T22:39:44","slug":"bomba-de-vacuo-by-pass-01-estagio-127v","status":"publish","type":"product","link":"https:\/\/escovasantaclara.com.br\/site\/produto\/bomba-de-vacuo-by-pass-01-estagio-127v\/","title":{"rendered":"Bomba de V\u00e1cuo  By-Pass 01 Est\u00e1gio 127V"},"content":{"rendered":"","protected":false},"excerpt":{"rendered":"<h2>Bomba de V\u00e1cuo By-Pass 01 Est\u00e1gios 127V<\/h2>\n<p>Descri\u00e7\u00e3o<\/p>\n<p>220V &#8211; COD 69525001<\/p>\n<p>110V &#8211; COD 69525002<\/p>\n<p><strong>Bomba de V\u00e1cuo By-Pass \u2013 01 Est\u00e1gio1<\/strong><\/p>\n<ul>\n<li><strong>Pot\u00eancia:<\/strong> 1.1OOW<\/li>\n<li><strong>Turbina:<\/strong> 01 Est\u00e1gio<\/li>\n<li><strong>Di\u00e2metro da Turbina:<\/strong>\u00a0145mm<\/li>\n<li><strong>Peso com Embalagem:<\/strong> 1,5kg<\/li>\n<\/ul>\n","protected":false},"featured_media":1616,"comment_status":"open","ping_status":"closed","template":"","meta":[],"product_brand":[],"product_cat":[19,40,21,39,53],"product_tag":[],"class_list":{"0":"post-1615","1":"product","2":"type-product","3":"status-publish","4":"has-post-thumbnail","6":"product_cat-sem-categoria","7":"product_cat-ametek","8":"product_cat-escova-santa-clara","9":"product_cat-motores","10":"product_cat-produtos","12":"first","13":"instock","14":"shipping-taxable","15":"product-type-simple"},"_links":{"self":[{"href":"https:\/\/escovasantaclara.com.br\/site\/wp-json\/wp\/v2\/product\/1615","targetHints":{"allow":["GET"]}}],"collection":[{"href":"https:\/\/escovasantaclara.com.br\/site\/wp-json\/wp\/v2\/product"}],"about":[{"href":"https:\/\/escovasantaclara.com.br\/site\/wp-json\/wp\/v2\/types\/product"}],"replies":[{"embeddable":true,"href":"https:\/\/escovasantaclara.com.br\/site\/wp-json\/wp\/v2\/comments?post=1615"}],"wp:featuredmedia":[{"embeddable":true,"href":"https:\/\/escovasantaclara.com.br\/site\/wp-json\/wp\/v2\/media\/1616"}],"wp:attachment":[{"href":"https:\/\/escovasantaclara.com.br\/site\/wp-json\/wp\/v2\/media?parent=1615"}],"wp:term":[{"taxonomy":"product_brand","embeddable":true,"href":"https:\/\/escovasantaclara.com.br\/site\/wp-json\/wp\/v2\/product_brand?post=1615"},{"taxonomy":"product_cat","embeddable":true,"href":"https:\/\/escovasantaclara.com.br\/site\/wp-json\/wp\/v2\/product_cat?post=1615"},{"taxonomy":"product_tag","embeddable":true,"href":"https:\/\/escovasantaclara.com.br\/site\/wp-json\/wp\/v2\/product_tag?post=1615"}],"curies":[{"name":"wp","href":"https:\/\/api.w.org\/{rel}","templated":true}]}}