{"id":1617,"date":"2026-04-12T22:52:18","date_gmt":"2026-04-12T22:52:18","guid":{"rendered":"https:\/\/escovasantaclara.com.br\/site\/?post_type=product&#038;p=1617"},"modified":"2026-04-12T22:52:18","modified_gmt":"2026-04-12T22:52:18","slug":"bomba-de-vacuo-vac-lamb-profissional-by-pass-03-estagios-230v","status":"publish","type":"product","link":"https:\/\/escovasantaclara.com.br\/site\/produto\/bomba-de-vacuo-vac-lamb-profissional-by-pass-03-estagios-230v\/","title":{"rendered":"Bomba de V\u00e1cuo VAC LAMB Profissional By-Pass 03 Est\u00e1gios 230V"},"content":{"rendered":"<h2>Bomba de V\u00e1cuo VAC LAMB Profissional By-Pass 03 Est\u00e1gios 230V<\/h2>\n<p>Descri\u00e7\u00e3o<\/p>\n<p>230V &#8211; COD 11774113<\/p>\n<p><strong>Bomba de V\u00e1cuo VAC LAMB Profissional By-Pass \u2013 03 Est\u00e1gios<\/strong><\/p>\n<ul>\n<li><strong>Pot\u00eancia:<\/strong> 1.297W<\/li>\n<li><strong>Turbina:<\/strong> 03 Est\u00e1gios<\/li>\n<\/ul>\n","protected":false},"excerpt":{"rendered":"<p>Bomba de V\u00e1cuo VAC LAMB Profissional By-Pass 03 Est\u00e1gios 230V Descri\u00e7\u00e3o 230V &#8211; COD 11774113 Bomba de V\u00e1cuo VAC LAMB Profissional By-Pass \u2013 03 Est\u00e1gios Pot\u00eancia: 1.297W Turbina: 03 Est\u00e1gios<\/p>\n","protected":false},"featured_media":1618,"comment_status":"open","ping_status":"closed","template":"","meta":[],"product_brand":[],"product_cat":[19,40,21,39,53],"product_tag":[],"class_list":{"0":"post-1617","1":"product","2":"type-product","3":"status-publish","4":"has-post-thumbnail","6":"product_cat-sem-categoria","7":"product_cat-ametek","8":"product_cat-escova-santa-clara","9":"product_cat-motores","10":"product_cat-produtos","12":"first","13":"instock","14":"shipping-taxable","15":"product-type-simple"},"_links":{"self":[{"href":"https:\/\/escovasantaclara.com.br\/site\/wp-json\/wp\/v2\/product\/1617","targetHints":{"allow":["GET"]}}],"collection":[{"href":"https:\/\/escovasantaclara.com.br\/site\/wp-json\/wp\/v2\/product"}],"about":[{"href":"https:\/\/escovasantaclara.com.br\/site\/wp-json\/wp\/v2\/types\/product"}],"replies":[{"embeddable":true,"href":"https:\/\/escovasantaclara.com.br\/site\/wp-json\/wp\/v2\/comments?post=1617"}],"wp:featuredmedia":[{"embeddable":true,"href":"https:\/\/escovasantaclara.com.br\/site\/wp-json\/wp\/v2\/media\/1618"}],"wp:attachment":[{"href":"https:\/\/escovasantaclara.com.br\/site\/wp-json\/wp\/v2\/media?parent=1617"}],"wp:term":[{"taxonomy":"product_brand","embeddable":true,"href":"https:\/\/escovasantaclara.com.br\/site\/wp-json\/wp\/v2\/product_brand?post=1617"},{"taxonomy":"product_cat","embeddable":true,"href":"https:\/\/escovasantaclara.com.br\/site\/wp-json\/wp\/v2\/product_cat?post=1617"},{"taxonomy":"product_tag","embeddable":true,"href":"https:\/\/escovasantaclara.com.br\/site\/wp-json\/wp\/v2\/product_tag?post=1617"}],"curies":[{"name":"wp","href":"https:\/\/api.w.org\/{rel}","templated":true}]}}