{"id":1619,"date":"2026-04-15T13:19:38","date_gmt":"2026-04-15T13:19:38","guid":{"rendered":"https:\/\/escovasantaclara.com.br\/site\/?post_type=product&#038;p=1619"},"modified":"2026-04-15T13:21:11","modified_gmt":"2026-04-15T13:21:11","slug":"bomba-de-vacuo-vac-95-thru-follow-1-estagio","status":"publish","type":"product","link":"https:\/\/escovasantaclara.com.br\/site\/produto\/bomba-de-vacuo-vac-95-thru-follow-1-estagio\/","title":{"rendered":"Bomba de V\u00e1cuo VAC 95 Thru-follow 1 est\u00e1gio"},"content":{"rendered":"","protected":false},"excerpt":{"rendered":"<h2>Bomba de V\u00e1cuo VAC 95 thru-follow 1 est\u00e1gio<\/h2>\n<p>Descri\u00e7\u00e3o<\/p>\n<p>127V \u2013 COD 69525006<\/p>\n<p>220V \u2013 COD 69525005<\/p>\n<p>ITALY &#8211; COD 6210930009<\/p>\n<p>&nbsp;<\/p>\n<ul>\n<li><strong>Pot\u00eancia:<\/strong>\u00a01.1OOW<\/li>\n<li><strong>Turbina:<\/strong>\u00a001 Est\u00e1gio<\/li>\n<li><strong>Di\u00e2metro da Turbina:<\/strong>\u00a0145mm<\/li>\n<li><strong>Tens\u00e3o:<\/strong> 50\/60Hz<\/li>\n<\/ul>\n","protected":false},"featured_media":1621,"comment_status":"open","ping_status":"closed","template":"","meta":[],"product_brand":[],"product_cat":[19,40,21,39,53],"product_tag":[],"class_list":{"0":"post-1619","1":"product","2":"type-product","3":"status-publish","4":"has-post-thumbnail","6":"product_cat-sem-categoria","7":"product_cat-ametek","8":"product_cat-escova-santa-clara","9":"product_cat-motores","10":"product_cat-produtos","12":"first","13":"instock","14":"shipping-taxable","15":"product-type-simple"},"_links":{"self":[{"href":"https:\/\/escovasantaclara.com.br\/site\/wp-json\/wp\/v2\/product\/1619","targetHints":{"allow":["GET"]}}],"collection":[{"href":"https:\/\/escovasantaclara.com.br\/site\/wp-json\/wp\/v2\/product"}],"about":[{"href":"https:\/\/escovasantaclara.com.br\/site\/wp-json\/wp\/v2\/types\/product"}],"replies":[{"embeddable":true,"href":"https:\/\/escovasantaclara.com.br\/site\/wp-json\/wp\/v2\/comments?post=1619"}],"wp:featuredmedia":[{"embeddable":true,"href":"https:\/\/escovasantaclara.com.br\/site\/wp-json\/wp\/v2\/media\/1621"}],"wp:attachment":[{"href":"https:\/\/escovasantaclara.com.br\/site\/wp-json\/wp\/v2\/media?parent=1619"}],"wp:term":[{"taxonomy":"product_brand","embeddable":true,"href":"https:\/\/escovasantaclara.com.br\/site\/wp-json\/wp\/v2\/product_brand?post=1619"},{"taxonomy":"product_cat","embeddable":true,"href":"https:\/\/escovasantaclara.com.br\/site\/wp-json\/wp\/v2\/product_cat?post=1619"},{"taxonomy":"product_tag","embeddable":true,"href":"https:\/\/escovasantaclara.com.br\/site\/wp-json\/wp\/v2\/product_tag?post=1619"}],"curies":[{"name":"wp","href":"https:\/\/api.w.org\/{rel}","templated":true}]}}