{"id":1625,"date":"2026-04-29T23:18:13","date_gmt":"2026-04-29T23:18:13","guid":{"rendered":"https:\/\/escovasantaclara.com.br\/site\/?post_type=product&#038;p=1625"},"modified":"2026-04-29T23:18:13","modified_gmt":"2026-04-29T23:18:13","slug":"escova-para-limpeza-de-lagos-ornamentais","status":"publish","type":"product","link":"https:\/\/escovasantaclara.com.br\/site\/produto\/escova-para-limpeza-de-lagos-ornamentais\/","title":{"rendered":"Escova para Limpeza de Lagos Ornamentais"},"content":{"rendered":"<div>\n<div class=\"\">Escova para Limpeza de Lagos Ornamentais \u2013 Cuidado Eficiente e Seguro<\/div>\n<div class=\"\">Desenvolvida para a manuten\u00e7\u00e3o e limpeza de lagos ornamentais, a Escova para Limpeza de Lagos Ornamentais garante efici\u00eancia sem agredir peixes, plantas aqu\u00e1ticas ou o revestimento do lago. Suas cerdas proporcionam a remo\u00e7\u00e3o de algas, lodo e sujeiras acumuladas em paredes, pedras e fundos, auxiliando na preserva\u00e7\u00e3o da qualidade da \u00e1gua e do visual do ambiente.<\/div>\n<div class=\"\">Principais Benef\u00edcios:<\/div>\n<div class=\"\">\u2013 Limpeza Eficiente: Remove algas e res\u00edduos org\u00e2nicos com facilidade.<\/div>\n<div class=\"\">\u2013 Seguran\u00e7a no Uso: Cerdas adequadas para n\u00e3o danificar superf\u00edcies nem a vida aqu\u00e1tica.<\/div>\n<div class=\"\">\u2013 Aplica\u00e7\u00e3o Vers\u00e1til: Ideal para lagos ornamentais, fontes, espelhos d\u2019\u00e1gua e \u00e1reas decorativas.<\/div>\n<div class=\"\">\u2013 Qualidade e Durabilidade: Fabricada com materiais resistentes \u00e0 umidade e ao uso cont\u00ednuo.<\/div>\n<\/div>\n","protected":false},"excerpt":{"rendered":"<h2>Escova para Limpeza de Lagos Ornamentais \u2013 Cuidado Eficiente e Seguro<\/h2>\n<div><\/div>\n<h4>Desenvolvida para a manuten\u00e7\u00e3o e limpeza de lagos ornamentais, a Escova para Limpeza de Lagos Ornamentais garante efici\u00eancia sem agredir peixes, plantas aqu\u00e1ticas ou o revestimento do lago. Suas cerdas proporcionam a remo\u00e7\u00e3o de algas, lodo e sujeiras acumuladas em paredes, pedras e fundos, auxiliando na preserva\u00e7\u00e3o da qualidade da \u00e1gua e do visual do ambiente.<\/h4>\n<h4><\/h4>\n<h4>Principais Benef\u00edcios:<\/h4>\n<h4>\u2013 Limpeza Eficiente: Remove algas e res\u00edduos org\u00e2nicos com facilidade.<\/h4>\n<h4>\u2013 Seguran\u00e7a no Uso: Cerdas adequadas para n\u00e3o danificar superf\u00edcies nem a vida aqu\u00e1tica.<\/h4>\n<h4>\u2013 Aplica\u00e7\u00e3o Vers\u00e1til: Ideal para lagos ornamentais, fontes, espelhos d\u2019\u00e1gua e \u00e1reas decorativas.<\/h4>\n<h4>\u2013 Qualidade e Durabilidade: Fabricada com materiais resistentes \u00e0 umidade e ao uso cont\u00ednuo.<\/h4>\n","protected":false},"featured_media":1626,"comment_status":"open","ping_status":"closed","template":"","meta":[],"product_brand":[],"product_cat":[19,21,26,32,53],"product_tag":[],"class_list":{"0":"post-1625","1":"product","2":"type-product","3":"status-publish","4":"has-post-thumbnail","6":"product_cat-sem-categoria","7":"product_cat-escova-santa-clara","8":"product_cat-escovas","9":"product_cat-escovas-especiais","10":"product_cat-produtos","12":"first","13":"instock","14":"shipping-taxable","15":"product-type-simple"},"_links":{"self":[{"href":"https:\/\/escovasantaclara.com.br\/site\/wp-json\/wp\/v2\/product\/1625","targetHints":{"allow":["GET"]}}],"collection":[{"href":"https:\/\/escovasantaclara.com.br\/site\/wp-json\/wp\/v2\/product"}],"about":[{"href":"https:\/\/escovasantaclara.com.br\/site\/wp-json\/wp\/v2\/types\/product"}],"replies":[{"embeddable":true,"href":"https:\/\/escovasantaclara.com.br\/site\/wp-json\/wp\/v2\/comments?post=1625"}],"wp:featuredmedia":[{"embeddable":true,"href":"https:\/\/escovasantaclara.com.br\/site\/wp-json\/wp\/v2\/media\/1626"}],"wp:attachment":[{"href":"https:\/\/escovasantaclara.com.br\/site\/wp-json\/wp\/v2\/media?parent=1625"}],"wp:term":[{"taxonomy":"product_brand","embeddable":true,"href":"https:\/\/escovasantaclara.com.br\/site\/wp-json\/wp\/v2\/product_brand?post=1625"},{"taxonomy":"product_cat","embeddable":true,"href":"https:\/\/escovasantaclara.com.br\/site\/wp-json\/wp\/v2\/product_cat?post=1625"},{"taxonomy":"product_tag","embeddable":true,"href":"https:\/\/escovasantaclara.com.br\/site\/wp-json\/wp\/v2\/product_tag?post=1625"}],"curies":[{"name":"wp","href":"https:\/\/api.w.org\/{rel}","templated":true}]}}