{"id":657,"date":"2025-11-11T14:20:48","date_gmt":"2025-11-11T14:20:48","guid":{"rendered":"https:\/\/projetos.effectecommerce.com.br\/?post_type=product&#038;p=657"},"modified":"2026-03-13T20:47:49","modified_gmt":"2026-03-13T20:47:49","slug":"motor-aspirador-de-po-by-pass-2-estagios","status":"publish","type":"product","link":"https:\/\/escovasantaclara.com.br\/site\/produto\/motor-aspirador-de-po-by-pass-2-estagios\/","title":{"rendered":"Motor Aspirador de P\u00f3 By-Pass 2 Est\u00e1gios"},"content":{"rendered":"","protected":false},"excerpt":{"rendered":"<h2><span style=\"font-size: 20px;\"><b>Motor para Aspirador de P\u00f3 Electrolux By-Pass 2 Est\u00e1gios<\/b><\/span><\/h2>\n<h4 data-end=\"401\" data-start=\"67\"><span style=\"font-size: 18px;\">O Motor para Aspirador de P\u00f3 Electrolux By-Pass de 02 est\u00e1gios \u00e9 ideal para reposi\u00e7\u00e3o em equipamentos de alto desempenho. Com 1.400W de pot\u00eancia e turbina de dois est\u00e1gios, oferece maior efici\u00eancia na suc\u00e7\u00e3o e durabilidade para aplica\u00e7\u00f5es profissionais e industriais. Seu design robusto garante confiabilidade e desempenho superior.<\/span><\/h4>\n<h4 data-end=\"428\" data-start=\"403\"><span style=\"font-size: 18px;\"><b>Especifica\u00e7\u00f5es:<\/b><\/span><\/h4>\n<h4 data-end=\"787\" data-start=\"429\"><span style=\"font-size: 18px;\"><b>\u2013 Modelo:<\/b>\u00a0Motor para Aspirador de P\u00f3 Electrolux By-Pass<\/span><\/h4>\n<h4 data-end=\"787\" data-start=\"429\"><span style=\"font-size: 18px;\"><b>\u2013 Compatibilidade:<\/b>\u00a0Aspiradores de p\u00f3 diversos<\/span><\/h4>\n<h4 data-end=\"787\" data-start=\"429\"><span style=\"font-size: 18px;\"><b>\u2013 Pot\u00eancia:<\/b>\u00a01.400W<\/span><\/h4>\n<h4 data-end=\"787\" data-start=\"429\"><span style=\"font-size: 18px;\"><b>\u2013 Turbina:\u00a0<\/b>02 Est\u00e1gios<\/span><\/h4>\n<h4 data-end=\"787\" data-start=\"429\"><span style=\"font-size: 18px;\"><b>\u2013 Di\u00e2metro da Turbina:<\/b>\u00a0145mm<\/span><\/h4>\n<h4 data-end=\"787\" data-start=\"429\"><span style=\"font-size: 18px;\"><b>\u2013 Tens\u00e3o:\u00a0<\/b>127V (C\u00f3d. A09228801) \/ 220V (C\u00f3d. A09229201)<\/span><\/h4>\n<h4 data-end=\"787\" data-start=\"429\"><span style=\"font-size: 18px;\"><b>\u2013 Peso com embalagem:<\/b>\u00a02,17kg (127V) \/ 2,25kg (220V)<\/span><\/h4>\n<h4 data-end=\"787\" data-start=\"429\"><span style=\"font-size: 18px;\"><b>\u2013 Frequ\u00eancia:<\/b>\u00a050\/60Hz<\/span><\/h4>\n<h4 data-end=\"894\" data-start=\"789\"><span style=\"font-size: 18px;\"><b>Ideal para reposi\u00e7\u00e3o em aspiradores profissionais, garantindo alto desempenho e longa vida \u00fatil.<\/b><\/span><\/h4>\n","protected":false},"featured_media":687,"comment_status":"open","ping_status":"closed","template":"","meta":[],"product_brand":[],"product_cat":[41,21,39,53],"product_tag":[],"class_list":{"0":"post-657","1":"product","2":"type-product","3":"status-publish","4":"has-post-thumbnail","6":"product_cat-eletrolux","7":"product_cat-escova-santa-clara","8":"product_cat-motores","9":"product_cat-produtos","11":"first","12":"outofstock","13":"shipping-taxable","14":"purchasable","15":"product-type-variable"},"_links":{"self":[{"href":"https:\/\/escovasantaclara.com.br\/site\/wp-json\/wp\/v2\/product\/657","targetHints":{"allow":["GET"]}}],"collection":[{"href":"https:\/\/escovasantaclara.com.br\/site\/wp-json\/wp\/v2\/product"}],"about":[{"href":"https:\/\/escovasantaclara.com.br\/site\/wp-json\/wp\/v2\/types\/product"}],"replies":[{"embeddable":true,"href":"https:\/\/escovasantaclara.com.br\/site\/wp-json\/wp\/v2\/comments?post=657"}],"wp:featuredmedia":[{"embeddable":true,"href":"https:\/\/escovasantaclara.com.br\/site\/wp-json\/wp\/v2\/media\/687"}],"wp:attachment":[{"href":"https:\/\/escovasantaclara.com.br\/site\/wp-json\/wp\/v2\/media?parent=657"}],"wp:term":[{"taxonomy":"product_brand","embeddable":true,"href":"https:\/\/escovasantaclara.com.br\/site\/wp-json\/wp\/v2\/product_brand?post=657"},{"taxonomy":"product_cat","embeddable":true,"href":"https:\/\/escovasantaclara.com.br\/site\/wp-json\/wp\/v2\/product_cat?post=657"},{"taxonomy":"product_tag","embeddable":true,"href":"https:\/\/escovasantaclara.com.br\/site\/wp-json\/wp\/v2\/product_tag?post=657"}],"curies":[{"name":"wp","href":"https:\/\/api.w.org\/{rel}","templated":true}]}}