{"id":663,"date":"2025-11-11T14:20:49","date_gmt":"2025-11-11T14:20:49","guid":{"rendered":"https:\/\/projetos.effectecommerce.com.br\/?post_type=product&#038;p=663"},"modified":"2026-03-13T20:47:23","modified_gmt":"2026-03-13T20:47:23","slug":"motor-aspirador-de-po-thru-flow-1-estagio","status":"publish","type":"product","link":"https:\/\/escovasantaclara.com.br\/site\/produto\/motor-aspirador-de-po-thru-flow-1-estagio\/","title":{"rendered":"Motor Aspirador de P\u00f3 Thru-Flow 1 Est\u00e1gio"},"content":{"rendered":"","protected":false},"excerpt":{"rendered":"<h2><span style=\"font-size: 20px;\"><b>Motor para Aspirador de P\u00f3 Electrolux Thru-Flow 1 Est\u00e1gio<\/b><\/span><\/h2>\n<h4 data-end=\"409\" data-start=\"68\"><span style=\"font-size: 18px;\">O Motor para Aspirador de P\u00f3 Electrolux Thru-Flow \u00e9 a op\u00e7\u00e3o ideal para reposi\u00e7\u00e3o em equipamentos de alta performance. Com pot\u00eancia de 1.400W e turbina de um est\u00e1gio, proporciona excelente suc\u00e7\u00e3o e efici\u00eancia na limpeza. Seu design compacto facilita a instala\u00e7\u00e3o, garantindo durabilidade e confiabilidade para uso profissional e industrial.<\/span><\/h4>\n<h4 data-end=\"436\" data-start=\"411\"><span style=\"font-size: 18px;\"><b>Especifica\u00e7\u00f5es:<\/b><\/span><\/h4>\n<h4 data-end=\"796\" data-start=\"437\"><span style=\"font-size: 18px;\"><b>\u2013 Modelo:<\/b>\u00a0Motor para Aspirador de P\u00f3 Electrolux Thru-Flow<\/span><\/h4>\n<h4 data-end=\"796\" data-start=\"437\"><span style=\"font-size: 18px;\"><b>\u2013 Compatibilidade:<\/b>\u00a0Aspiradores de p\u00f3 diversos<\/span><\/h4>\n<h4 data-end=\"796\" data-start=\"437\"><span style=\"font-size: 18px;\"><b>\u2013 Pot\u00eancia:<\/b>\u00a01.400W<\/span><\/h4>\n<h4 data-end=\"796\" data-start=\"437\"><span style=\"font-size: 18px;\"><b>\u2013 Turbina:<\/b>\u00a001 Est\u00e1gio<\/span><\/h4>\n<h4 data-end=\"796\" data-start=\"437\"><span style=\"font-size: 18px;\"><b>\u2013 Di\u00e2metro da Turbina:<\/b>\u00a0130mm<\/span><\/h4>\n<h4 data-end=\"796\" data-start=\"437\"><span style=\"font-size: 18px;\"><b>\u2013 Tens\u00e3o:\u00a0<\/b>127V (C\u00f3d. A18215001) \/ 220V (C\u00f3d. A18215101)<\/span><\/h4>\n<h4 data-end=\"796\" data-start=\"437\"><span style=\"font-size: 18px;\"><b>\u2013 Peso com embalagem:<\/b>\u00a01,41kg (127V) \/ 1,42kg (220V)<\/span><\/h4>\n<h4 data-end=\"796\" data-start=\"437\"><span style=\"font-size: 18px;\"><b>\u2013 Frequ\u00eancia:<\/b>\u00a050\/60Hz<\/span><\/h4>\n<h4 data-end=\"903\" data-start=\"798\"><span style=\"font-size: 18px;\"><b>Ideal para reposi\u00e7\u00e3o em aspiradores profissionais, garantindo alto desempenho e longa vida \u00fatil.<\/b><\/span><\/h4>\n","protected":false},"featured_media":693,"comment_status":"open","ping_status":"closed","template":"","meta":[],"product_brand":[],"product_cat":[41,21,39,53],"product_tag":[],"class_list":{"0":"post-663","1":"product","2":"type-product","3":"status-publish","4":"has-post-thumbnail","6":"product_cat-eletrolux","7":"product_cat-escova-santa-clara","8":"product_cat-motores","9":"product_cat-produtos","11":"first","12":"outofstock","13":"shipping-taxable","14":"purchasable","15":"product-type-variable"},"_links":{"self":[{"href":"https:\/\/escovasantaclara.com.br\/site\/wp-json\/wp\/v2\/product\/663","targetHints":{"allow":["GET"]}}],"collection":[{"href":"https:\/\/escovasantaclara.com.br\/site\/wp-json\/wp\/v2\/product"}],"about":[{"href":"https:\/\/escovasantaclara.com.br\/site\/wp-json\/wp\/v2\/types\/product"}],"replies":[{"embeddable":true,"href":"https:\/\/escovasantaclara.com.br\/site\/wp-json\/wp\/v2\/comments?post=663"}],"wp:featuredmedia":[{"embeddable":true,"href":"https:\/\/escovasantaclara.com.br\/site\/wp-json\/wp\/v2\/media\/693"}],"wp:attachment":[{"href":"https:\/\/escovasantaclara.com.br\/site\/wp-json\/wp\/v2\/media?parent=663"}],"wp:term":[{"taxonomy":"product_brand","embeddable":true,"href":"https:\/\/escovasantaclara.com.br\/site\/wp-json\/wp\/v2\/product_brand?post=663"},{"taxonomy":"product_cat","embeddable":true,"href":"https:\/\/escovasantaclara.com.br\/site\/wp-json\/wp\/v2\/product_cat?post=663"},{"taxonomy":"product_tag","embeddable":true,"href":"https:\/\/escovasantaclara.com.br\/site\/wp-json\/wp\/v2\/product_tag?post=663"}],"curies":[{"name":"wp","href":"https:\/\/api.w.org\/{rel}","templated":true}]}}