{"id":666,"date":"2025-11-11T14:20:49","date_gmt":"2025-11-11T14:20:49","guid":{"rendered":"https:\/\/projetos.effectecommerce.com.br\/?post_type=product&#038;p=666"},"modified":"2026-03-13T20:47:36","modified_gmt":"2026-03-13T20:47:36","slug":"motor-aspirador-de-po-flex-bps-1-estagio","status":"publish","type":"product","link":"https:\/\/escovasantaclara.com.br\/site\/produto\/motor-aspirador-de-po-flex-bps-1-estagio\/","title":{"rendered":"Motor Aspirador de P\u00f3 Flex\/BPS 1 Est\u00e1gio"},"content":{"rendered":"","protected":false},"excerpt":{"rendered":"<h2><span style=\"font-size: 20px;\"><b>Motor para Aspirador de P\u00f3 Electrolux Flex | BPS 1 Est\u00e1gio<\/b><\/span><\/h2>\n<h4 data-end=\"397\" data-start=\"58\"><span style=\"font-size: 18px;\">O Motor Aspirador de P\u00f3 Electrolux Flex | BPS 1 Est\u00e1gio \u00e9 a escolha ideal para reposi\u00e7\u00e3o em modelos Flex e BPS, garantindo alto desempenho e efici\u00eancia na suc\u00e7\u00e3o. Com pot\u00eancia de 1.000W e turbina de um est\u00e1gio, oferece uma opera\u00e7\u00e3o confi\u00e1vel e dur\u00e1vel. Seu design compacto e leve facilita a instala\u00e7\u00e3o, sendo perfeito para uso profissional e industrial.<\/span><\/h4>\n<h4 data-end=\"424\" data-start=\"399\"><span style=\"font-size: 18px;\"><b>Especifica\u00e7\u00f5es:<\/b><\/span><\/h4>\n<h4 data-end=\"775\" data-start=\"425\"><span style=\"font-size: 18px;\"><b>\u2013 Modelo:<\/b>\u00a0Motor para Aspirador de P\u00f3 Electrolux Flex | BPS 1 Est\u00e1gio<\/span><\/h4>\n<h4 data-end=\"775\" data-start=\"425\"><span style=\"font-size: 18px;\"><b>\u2013 Compatibilidade:<\/b>\u00a0Aspiradores de p\u00f3 Flex | BPS<\/span><\/h4>\n<h4 data-end=\"775\" data-start=\"425\"><span style=\"font-size: 18px;\"><b>\u2013 Pot\u00eancia:<\/b>\u00a01.000W<\/span><\/h4>\n<h4 data-end=\"775\" data-start=\"425\"><span style=\"font-size: 18px;\"><b>\u2013 Turbina:<\/b>\u00a001 Est\u00e1gio<\/span><\/h4>\n<h4 data-end=\"775\" data-start=\"425\"><span style=\"font-size: 18px;\"><b>\u2013 Di\u00e2metro da Turbina:<\/b>\u00a0140mm<\/span><\/h4>\n<h4 data-end=\"775\" data-start=\"425\"><span style=\"font-size: 18px;\"><b>\u2013 Tens\u00e3o:\u00a0<\/b>127V (C\u00f3d. A12556901) \/ 220V (C\u00f3d. 64502878)<\/span><\/h4>\n<h4 data-end=\"775\" data-start=\"425\"><span style=\"font-size: 18px;\"><b>\u2013 Peso com embalagem:<\/b>\u00a01,46kg (127V) \/ 1,62kg (220V)<\/span><\/h4>\n<h4 data-end=\"775\" data-start=\"425\"><span style=\"font-size: 18px;\"><b>\u2013 Frequ\u00eancia:<\/b>\u00a050\/60Hz<\/span><\/h4>\n<h4 data-end=\"889\" data-start=\"777\"><span style=\"font-size: 18px;\"><b>Ideal para profissionais que buscam efici\u00eancia e durabilidade na reposi\u00e7\u00e3o de motores para aspiradores.<\/b><\/span><\/h4>\n","protected":false},"featured_media":696,"comment_status":"open","ping_status":"closed","template":"","meta":[],"product_brand":[],"product_cat":[41,21,39,53],"product_tag":[],"class_list":{"0":"post-666","1":"product","2":"type-product","3":"status-publish","4":"has-post-thumbnail","6":"product_cat-eletrolux","7":"product_cat-escova-santa-clara","8":"product_cat-motores","9":"product_cat-produtos","11":"first","12":"outofstock","13":"shipping-taxable","14":"purchasable","15":"product-type-variable"},"_links":{"self":[{"href":"https:\/\/escovasantaclara.com.br\/site\/wp-json\/wp\/v2\/product\/666","targetHints":{"allow":["GET"]}}],"collection":[{"href":"https:\/\/escovasantaclara.com.br\/site\/wp-json\/wp\/v2\/product"}],"about":[{"href":"https:\/\/escovasantaclara.com.br\/site\/wp-json\/wp\/v2\/types\/product"}],"replies":[{"embeddable":true,"href":"https:\/\/escovasantaclara.com.br\/site\/wp-json\/wp\/v2\/comments?post=666"}],"wp:featuredmedia":[{"embeddable":true,"href":"https:\/\/escovasantaclara.com.br\/site\/wp-json\/wp\/v2\/media\/696"}],"wp:attachment":[{"href":"https:\/\/escovasantaclara.com.br\/site\/wp-json\/wp\/v2\/media?parent=666"}],"wp:term":[{"taxonomy":"product_brand","embeddable":true,"href":"https:\/\/escovasantaclara.com.br\/site\/wp-json\/wp\/v2\/product_brand?post=666"},{"taxonomy":"product_cat","embeddable":true,"href":"https:\/\/escovasantaclara.com.br\/site\/wp-json\/wp\/v2\/product_cat?post=666"},{"taxonomy":"product_tag","embeddable":true,"href":"https:\/\/escovasantaclara.com.br\/site\/wp-json\/wp\/v2\/product_tag?post=666"}],"curies":[{"name":"wp","href":"https:\/\/api.w.org\/{rel}","templated":true}]}}