{"id":686,"date":"2025-11-11T14:20:50","date_gmt":"2025-11-11T14:20:50","guid":{"rendered":"https:\/\/projetos.effectecommerce.com.br\/?post_type=product&#038;p=686"},"modified":"2026-03-13T20:22:30","modified_gmt":"2026-03-13T20:22:30","slug":"disco-abrasivo-branco-super-polidor","status":"publish","type":"product","link":"https:\/\/escovasantaclara.com.br\/site\/produto\/disco-abrasivo-branco-super-polidor\/","title":{"rendered":"Disco Abrasivo Branco Super Polidor"},"content":{"rendered":"","protected":false},"excerpt":{"rendered":"<h2><span style=\"font-size: 20px;\"><b>Disco Abrasivo Branco SuperPolidor\u00a0<\/b><\/span><\/h2>\n<h4 data-end=\"217\" data-start=\"47\"><span style=\"font-size: 18px;\">O Disco Branco Super Polidor \u00e9 ideal para polimento leve de pisos tratados, proporcionando aumento de brilho e remo\u00e7\u00e3o de marcas sem danificar o acabamento.<\/span><\/h4>\n<h4 data-end=\"252\" data-start=\"219\"><span style=\"font-size: 18px;\"><b>Principais Benef\u00edcios:<\/b><\/span><\/h4>\n<h4 data-end=\"614\" data-start=\"253\"><span style=\"font-size: 18px;\"><b>\u2013 Realce do brilho\u00a0<\/b>\u2013 Renova a apar\u00eancia do piso sem remover a cera.<\/span><\/h4>\n<h4 data-end=\"614\" data-start=\"253\"><span style=\"font-size: 18px;\"><b>\u2013 Uso seco ou \u00famido<\/b>\u00a0\u2013 A seco, fixa o acabamento; \u00famido, remove marcas e riscos.<\/span><\/h4>\n<h4 data-end=\"614\" data-start=\"253\"><span style=\"font-size: 18px;\"><b>\u2013 Indicado para enceradeiras e lavadoras<\/b>\u00a0\u2013 Compat\u00edvel com equipamentos de baixa e alta rota\u00e7\u00e3o.<\/span><\/h4>\n<h4 data-end=\"614\" data-start=\"253\"><span style=\"font-size: 18px;\"><b>\u2013 Preserva o tratamento do piso\u00a0<\/b>\u2013 Mant\u00e9m a prote\u00e7\u00e3o acr\u00edlica e ceras como as de carna\u00faba.<\/span><\/h4>\n","protected":false},"featured_media":731,"comment_status":"open","ping_status":"closed","template":"","meta":[],"product_brand":[],"product_cat":[36,38,21,53],"product_tag":[],"class_list":{"0":"post-686","1":"product","2":"type-product","3":"status-publish","4":"has-post-thumbnail","6":"product_cat-abrasivos","7":"product_cat-discos","8":"product_cat-escova-santa-clara","9":"product_cat-produtos","11":"first","12":"outofstock","13":"shipping-taxable","14":"purchasable","15":"product-type-simple"},"_links":{"self":[{"href":"https:\/\/escovasantaclara.com.br\/site\/wp-json\/wp\/v2\/product\/686","targetHints":{"allow":["GET"]}}],"collection":[{"href":"https:\/\/escovasantaclara.com.br\/site\/wp-json\/wp\/v2\/product"}],"about":[{"href":"https:\/\/escovasantaclara.com.br\/site\/wp-json\/wp\/v2\/types\/product"}],"replies":[{"embeddable":true,"href":"https:\/\/escovasantaclara.com.br\/site\/wp-json\/wp\/v2\/comments?post=686"}],"wp:featuredmedia":[{"embeddable":true,"href":"https:\/\/escovasantaclara.com.br\/site\/wp-json\/wp\/v2\/media\/731"}],"wp:attachment":[{"href":"https:\/\/escovasantaclara.com.br\/site\/wp-json\/wp\/v2\/media?parent=686"}],"wp:term":[{"taxonomy":"product_brand","embeddable":true,"href":"https:\/\/escovasantaclara.com.br\/site\/wp-json\/wp\/v2\/product_brand?post=686"},{"taxonomy":"product_cat","embeddable":true,"href":"https:\/\/escovasantaclara.com.br\/site\/wp-json\/wp\/v2\/product_cat?post=686"},{"taxonomy":"product_tag","embeddable":true,"href":"https:\/\/escovasantaclara.com.br\/site\/wp-json\/wp\/v2\/product_tag?post=686"}],"curies":[{"name":"wp","href":"https:\/\/api.w.org\/{rel}","templated":true}]}}