{"id":737,"date":"2025-11-11T14:21:00","date_gmt":"2025-11-11T14:21:00","guid":{"rendered":"https:\/\/projetos.effectecommerce.com.br\/?post_type=product&#038;p=737"},"modified":"2025-11-27T17:40:49","modified_gmt":"2025-11-27T17:40:49","slug":"fibra-abrasiva-limpeza-geral","status":"publish","type":"product","link":"https:\/\/escovasantaclara.com.br\/site\/produto\/fibra-abrasiva-limpeza-geral\/","title":{"rendered":"Fibra Abrasiva Limpeza Geral"},"content":{"rendered":"","protected":false},"excerpt":{"rendered":"<h2><span style=\"font-size:20px\"><b>Fibra de Limpeza 3M \u2013 Efici\u00eancia na Remo\u00e7\u00e3o de Sujeiras<\/b><\/span><\/h2>\n<h4><span style=\"font-size:18px\">A Fibra de Limpeza 3M \u00e9 uma solu\u00e7\u00e3o pr\u00e1tica e eficaz para remo\u00e7\u00e3o de sujeiras de intensidade m\u00e9dia. Composta por fibras sint\u00e9ticas e resina \u00e0 prova d\u2019\u00e1gua, \u00e9 resistente e n\u00e3o solta res\u00edduos ou odores.<\/span><\/h4>\n<h4><span style=\"font-size:18px\"><b>Principais Benef\u00edcios:<\/b><\/span><\/h4>\n<h4><span style=\"font-size:18px\"><b>\u2013 Remo\u00e7\u00e3o de sujeiras m\u00e9dias<\/b>\u00a0\u2013 Substitui facilmente a l\u00e3 de a\u00e7o.<\/span><\/h4>\n<h4><span style=\"font-size:18px\"><b>\u2013 Dur\u00e1vel e resistente<\/b>\u00a0\u2013 \u00c0 prova d\u2019\u00e1gua, n\u00e3o enferruja.<\/span><\/h4>\n<h4><span style=\"font-size:18px\"><b>\u2013 Limpeza eficiente<\/b>\u00a0\u2013 Ideal para cozinhas industriais e superf\u00edcies mais resistentes.<\/span><\/h4>\n<h4><span style=\"font-size:18px\"><b>\u2013 Cuidado com superf\u00edcies delicadas\u00a0<\/b>\u2013 N\u00e3o indicada para materiais que podem ser riscados.<\/span><\/h4>\n<h4><span style=\"font-size:18px\"><b>\u2013 Pr\u00e1tica e de alta performance<\/b>\u00a0\u2013 Medida: 100 x 220mm.<\/span><\/h4>\n","protected":false},"featured_media":767,"comment_status":"open","ping_status":"closed","template":"","meta":[],"product_brand":[],"product_cat":[21,53],"product_tag":[],"class_list":{"0":"post-737","1":"product","2":"type-product","3":"status-publish","4":"has-post-thumbnail","6":"product_cat-escova-santa-clara","7":"product_cat-produtos","9":"first","10":"outofstock","11":"shipping-taxable","12":"purchasable","13":"product-type-simple"},"_links":{"self":[{"href":"https:\/\/escovasantaclara.com.br\/site\/wp-json\/wp\/v2\/product\/737","targetHints":{"allow":["GET"]}}],"collection":[{"href":"https:\/\/escovasantaclara.com.br\/site\/wp-json\/wp\/v2\/product"}],"about":[{"href":"https:\/\/escovasantaclara.com.br\/site\/wp-json\/wp\/v2\/types\/product"}],"replies":[{"embeddable":true,"href":"https:\/\/escovasantaclara.com.br\/site\/wp-json\/wp\/v2\/comments?post=737"}],"wp:featuredmedia":[{"embeddable":true,"href":"https:\/\/escovasantaclara.com.br\/site\/wp-json\/wp\/v2\/media\/767"}],"wp:attachment":[{"href":"https:\/\/escovasantaclara.com.br\/site\/wp-json\/wp\/v2\/media?parent=737"}],"wp:term":[{"taxonomy":"product_brand","embeddable":true,"href":"https:\/\/escovasantaclara.com.br\/site\/wp-json\/wp\/v2\/product_brand?post=737"},{"taxonomy":"product_cat","embeddable":true,"href":"https:\/\/escovasantaclara.com.br\/site\/wp-json\/wp\/v2\/product_cat?post=737"},{"taxonomy":"product_tag","embeddable":true,"href":"https:\/\/escovasantaclara.com.br\/site\/wp-json\/wp\/v2\/product_tag?post=737"}],"curies":[{"name":"wp","href":"https:\/\/api.w.org\/{rel}","templated":true}]}}