{"id":749,"date":"2025-11-11T14:21:00","date_gmt":"2025-11-11T14:21:00","guid":{"rendered":"https:\/\/projetos.effectecommerce.com.br\/?post_type=product&#038;p=749"},"modified":"2025-11-27T17:40:49","modified_gmt":"2025-11-27T17:40:49","slug":"escova-cilindrica","status":"publish","type":"product","link":"https:\/\/escovasantaclara.com.br\/site\/produto\/escova-cilindrica\/","title":{"rendered":"Escova Cil\u00edndrica"},"content":{"rendered":"","protected":false},"excerpt":{"rendered":"<h2><span style=\"font-size:20px\"><b>Escova Cil\u00edndrica \u2013 Versatilidade e Alto Desempenho<\/b><\/span><\/h2>\n<h4><span style=\"font-size:18px\">As Escovas Cil\u00edndricas s\u00e3o desenvolvidas sob medida, com diversos di\u00e2metros, comprimentos e tipos de cerdas, garantindo a melhor solu\u00e7\u00e3o para cada aplica\u00e7\u00e3o. Confeccionadas em polipropileno ou papel\u00e3o especial, s\u00e3o projetadas a partir de desenho t\u00e9cnico ou amostra, com op\u00e7\u00e3o de furo central parcial ou passante.<\/span><\/h4>\n<h4><span style=\"font-size:18px\"><b>Principais Aplica\u00e7\u00f5es:<\/b><\/span><\/h4>\n<h4><span style=\"font-size:18px\"><b>\u2013 Ind\u00fastria Aliment\u00edcia<\/b>\u00a0\u2013 Processamento e higieniza\u00e7\u00e3o de alimentos.<\/span><\/h4>\n<h4><span style=\"font-size:18px\"><b>\u2013 Constru\u00e7\u00e3o Civil<\/b>\u00a0\u2013 Remo\u00e7\u00e3o de res\u00edduos e prepara\u00e7\u00e3o de superf\u00edcies.<\/span><\/h4>\n<h4><span style=\"font-size:18px\"><b>\u2013 Limpeza Profissional<\/b>\u00a0\u2013 Varri\u00e7\u00e3o e manuten\u00e7\u00e3o de ambientes.<\/span><\/h4>\n<h4><span style=\"font-size:18px\"><b>\u2013 Ind\u00fastria Geral\u00a0<\/b>\u2013 Processos produtivos e limpeza t\u00e9cnica.<\/span><\/h4>\n","protected":false},"featured_media":779,"comment_status":"open","ping_status":"closed","template":"","meta":[],"product_brand":[],"product_cat":[21,26,53],"product_tag":[],"class_list":{"0":"post-749","1":"product","2":"type-product","3":"status-publish","4":"has-post-thumbnail","6":"product_cat-escova-santa-clara","7":"product_cat-escovas","8":"product_cat-produtos","10":"first","11":"outofstock","12":"shipping-taxable","13":"purchasable","14":"product-type-simple"},"_links":{"self":[{"href":"https:\/\/escovasantaclara.com.br\/site\/wp-json\/wp\/v2\/product\/749","targetHints":{"allow":["GET"]}}],"collection":[{"href":"https:\/\/escovasantaclara.com.br\/site\/wp-json\/wp\/v2\/product"}],"about":[{"href":"https:\/\/escovasantaclara.com.br\/site\/wp-json\/wp\/v2\/types\/product"}],"replies":[{"embeddable":true,"href":"https:\/\/escovasantaclara.com.br\/site\/wp-json\/wp\/v2\/comments?post=749"}],"wp:featuredmedia":[{"embeddable":true,"href":"https:\/\/escovasantaclara.com.br\/site\/wp-json\/wp\/v2\/media\/779"}],"wp:attachment":[{"href":"https:\/\/escovasantaclara.com.br\/site\/wp-json\/wp\/v2\/media?parent=749"}],"wp:term":[{"taxonomy":"product_brand","embeddable":true,"href":"https:\/\/escovasantaclara.com.br\/site\/wp-json\/wp\/v2\/product_brand?post=749"},{"taxonomy":"product_cat","embeddable":true,"href":"https:\/\/escovasantaclara.com.br\/site\/wp-json\/wp\/v2\/product_cat?post=749"},{"taxonomy":"product_tag","embeddable":true,"href":"https:\/\/escovasantaclara.com.br\/site\/wp-json\/wp\/v2\/product_tag?post=749"}],"curies":[{"name":"wp","href":"https:\/\/api.w.org\/{rel}","templated":true}]}}