{"id":929,"date":"2025-11-11T14:21:40","date_gmt":"2025-11-11T14:21:40","guid":{"rendered":"https:\/\/projetos.effectecommerce.com.br\/?post_type=product&#038;p=929"},"modified":"2025-11-27T17:39:05","modified_gmt":"2025-11-27T17:39:05","slug":"servico-de-retufagem-de-escovas-laterais","status":"publish","type":"product","link":"https:\/\/escovasantaclara.com.br\/site\/produto\/servico-de-retufagem-de-escovas-laterais\/","title":{"rendered":"Servi\u00e7o de Retufagem de Escovas Laterais"},"content":{"rendered":"","protected":false},"excerpt":{"rendered":"<p>Renovamos escovas laterais, substituindo as cerdas antigas por novas de alta qualidade, garantindo desempenho como no primeiro uso.<\/p>\n<p>Entre em contato com nossos vendedores para mais informa\u00e7\u00f5es e descubra como prolongar a vida \u00fatil de suas escovas!<\/p>\n","protected":false},"featured_media":960,"comment_status":"open","ping_status":"closed","template":"","meta":[],"product_brand":[],"product_cat":[21,53,44],"product_tag":[],"class_list":{"0":"post-929","1":"product","2":"type-product","3":"status-publish","4":"has-post-thumbnail","6":"product_cat-escova-santa-clara","7":"product_cat-produtos","8":"product_cat-retufagem","10":"first","11":"outofstock","12":"shipping-taxable","13":"purchasable","14":"product-type-simple"},"_links":{"self":[{"href":"https:\/\/escovasantaclara.com.br\/site\/wp-json\/wp\/v2\/product\/929","targetHints":{"allow":["GET"]}}],"collection":[{"href":"https:\/\/escovasantaclara.com.br\/site\/wp-json\/wp\/v2\/product"}],"about":[{"href":"https:\/\/escovasantaclara.com.br\/site\/wp-json\/wp\/v2\/types\/product"}],"replies":[{"embeddable":true,"href":"https:\/\/escovasantaclara.com.br\/site\/wp-json\/wp\/v2\/comments?post=929"}],"wp:featuredmedia":[{"embeddable":true,"href":"https:\/\/escovasantaclara.com.br\/site\/wp-json\/wp\/v2\/media\/960"}],"wp:attachment":[{"href":"https:\/\/escovasantaclara.com.br\/site\/wp-json\/wp\/v2\/media?parent=929"}],"wp:term":[{"taxonomy":"product_brand","embeddable":true,"href":"https:\/\/escovasantaclara.com.br\/site\/wp-json\/wp\/v2\/product_brand?post=929"},{"taxonomy":"product_cat","embeddable":true,"href":"https:\/\/escovasantaclara.com.br\/site\/wp-json\/wp\/v2\/product_cat?post=929"},{"taxonomy":"product_tag","embeddable":true,"href":"https:\/\/escovasantaclara.com.br\/site\/wp-json\/wp\/v2\/product_tag?post=929"}],"curies":[{"name":"wp","href":"https:\/\/api.w.org\/{rel}","templated":true}]}}