{"id":930,"date":"2025-11-11T14:21:40","date_gmt":"2025-11-11T14:21:40","guid":{"rendered":"https:\/\/projetos.effectecommerce.com.br\/?post_type=product&#038;p=930"},"modified":"2026-03-25T23:05:11","modified_gmt":"2026-03-25T23:05:11","slug":"servico-de-retufagem-de-escovas-centrais","status":"publish","type":"product","link":"https:\/\/escovasantaclara.com.br\/site\/produto\/servico-de-retufagem-de-escovas-centrais\/","title":{"rendered":"Servi\u00e7o de Retufagem de Escovas Centrais"},"content":{"rendered":"","protected":false},"excerpt":{"rendered":"<p>Realizamos a retufagem de escovas centrais para varredeiras e lavadoras de piso, atendendo a diversas marcas, modelos e tamanhos.<\/p>\n<p>Entre em contato com nossos vendedores para mais informa\u00e7\u00f5es e garanta a renova\u00e7\u00e3o de suas escovas com qualidade e efici\u00eancia!<\/p>\n","protected":false},"featured_media":1588,"comment_status":"open","ping_status":"closed","template":"","meta":[],"product_brand":[],"product_cat":[21,53,44],"product_tag":[],"class_list":{"0":"post-930","1":"product","2":"type-product","3":"status-publish","4":"has-post-thumbnail","6":"product_cat-escova-santa-clara","7":"product_cat-produtos","8":"product_cat-retufagem","10":"first","11":"outofstock","12":"shipping-taxable","13":"purchasable","14":"product-type-simple"},"_links":{"self":[{"href":"https:\/\/escovasantaclara.com.br\/site\/wp-json\/wp\/v2\/product\/930","targetHints":{"allow":["GET"]}}],"collection":[{"href":"https:\/\/escovasantaclara.com.br\/site\/wp-json\/wp\/v2\/product"}],"about":[{"href":"https:\/\/escovasantaclara.com.br\/site\/wp-json\/wp\/v2\/types\/product"}],"replies":[{"embeddable":true,"href":"https:\/\/escovasantaclara.com.br\/site\/wp-json\/wp\/v2\/comments?post=930"}],"wp:featuredmedia":[{"embeddable":true,"href":"https:\/\/escovasantaclara.com.br\/site\/wp-json\/wp\/v2\/media\/1588"}],"wp:attachment":[{"href":"https:\/\/escovasantaclara.com.br\/site\/wp-json\/wp\/v2\/media?parent=930"}],"wp:term":[{"taxonomy":"product_brand","embeddable":true,"href":"https:\/\/escovasantaclara.com.br\/site\/wp-json\/wp\/v2\/product_brand?post=930"},{"taxonomy":"product_cat","embeddable":true,"href":"https:\/\/escovasantaclara.com.br\/site\/wp-json\/wp\/v2\/product_cat?post=930"},{"taxonomy":"product_tag","embeddable":true,"href":"https:\/\/escovasantaclara.com.br\/site\/wp-json\/wp\/v2\/product_tag?post=930"}],"curies":[{"name":"wp","href":"https:\/\/api.w.org\/{rel}","templated":true}]}}