{"id":936,"date":"2025-11-11T14:21:40","date_gmt":"2025-11-11T14:21:40","guid":{"rendered":"https:\/\/projetos.effectecommerce.com.br\/?post_type=product&#038;p=936"},"modified":"2026-03-25T23:03:04","modified_gmt":"2026-03-25T23:03:04","slug":"flange-tennant-51021-800d-alta-resistencia-e-precisao","status":"publish","type":"product","link":"https:\/\/escovasantaclara.com.br\/site\/produto\/flange-tennant-51021-800d-alta-resistencia-e-precisao\/","title":{"rendered":"Flange Tennant 51021 | 800D  Alta Resist\u00eancia e Precis\u00e3o"},"content":{"rendered":"","protected":false},"excerpt":{"rendered":"<h4 data-end=\"390\" data-start=\"125\">O Flange Tennant 51021 | 800D \u00e9 projetado para garantir uma fixa\u00e7\u00e3o segura e eficiente de escovas e discos em lavadoras da marca Tennant. Produzido com materiais de alta resist\u00eancia, oferece durabilidade e excelente desempenho para opera\u00e7\u00f5es de limpeza profissional.<\/h4>\n<h4 data-end=\"417\" data-start=\"392\"><b>Especifica\u00e7\u00f5es:<\/b><\/h4>\n<h4 data-end=\"565\" data-start=\"418\"><b>Marca:<\/b>\u00a0Tennant<\/h4>\n<h4 data-end=\"565\" data-start=\"418\"><b>Modelo:<\/b>\u00a051021 | 800D<\/h4>\n<h4 data-end=\"565\" data-start=\"418\"><b>Aplica\u00e7\u00e3o:<\/b>\u00a0Lavadoras de piso Tennant<\/h4>\n<h4 data-end=\"565\" data-start=\"418\"><b>Fixa\u00e7\u00e3o:<\/b>\u00a0Segura e eficiente para escovas e discos<\/h4>\n","protected":false},"featured_media":969,"comment_status":"open","ping_status":"closed","template":"","meta":[],"product_brand":[],"product_cat":[21,45,53],"product_tag":[],"class_list":{"0":"post-936","1":"product","2":"type-product","3":"status-publish","4":"has-post-thumbnail","6":"product_cat-escova-santa-clara","7":"product_cat-flanges","8":"product_cat-produtos","10":"first","11":"outofstock","12":"shipping-taxable","13":"purchasable","14":"product-type-simple"},"_links":{"self":[{"href":"https:\/\/escovasantaclara.com.br\/site\/wp-json\/wp\/v2\/product\/936","targetHints":{"allow":["GET"]}}],"collection":[{"href":"https:\/\/escovasantaclara.com.br\/site\/wp-json\/wp\/v2\/product"}],"about":[{"href":"https:\/\/escovasantaclara.com.br\/site\/wp-json\/wp\/v2\/types\/product"}],"replies":[{"embeddable":true,"href":"https:\/\/escovasantaclara.com.br\/site\/wp-json\/wp\/v2\/comments?post=936"}],"wp:featuredmedia":[{"embeddable":true,"href":"https:\/\/escovasantaclara.com.br\/site\/wp-json\/wp\/v2\/media\/969"}],"wp:attachment":[{"href":"https:\/\/escovasantaclara.com.br\/site\/wp-json\/wp\/v2\/media?parent=936"}],"wp:term":[{"taxonomy":"product_brand","embeddable":true,"href":"https:\/\/escovasantaclara.com.br\/site\/wp-json\/wp\/v2\/product_brand?post=936"},{"taxonomy":"product_cat","embeddable":true,"href":"https:\/\/escovasantaclara.com.br\/site\/wp-json\/wp\/v2\/product_cat?post=936"},{"taxonomy":"product_tag","embeddable":true,"href":"https:\/\/escovasantaclara.com.br\/site\/wp-json\/wp\/v2\/product_tag?post=936"}],"curies":[{"name":"wp","href":"https:\/\/api.w.org\/{rel}","templated":true}]}}