{"id":943,"date":"2025-11-11T14:21:40","date_gmt":"2025-11-11T14:21:40","guid":{"rendered":"https:\/\/projetos.effectecommerce.com.br\/?post_type=product&#038;p=943"},"modified":"2026-03-25T23:02:28","modified_gmt":"2026-03-25T23:02:28","slug":"flange-renotex-platinum-para-lavadoras","status":"publish","type":"product","link":"https:\/\/escovasantaclara.com.br\/site\/produto\/flange-renotex-platinum-para-lavadoras\/","title":{"rendered":"Flange Starmix | Platinum para Lavadoras"},"content":{"rendered":"","protected":false},"excerpt":{"rendered":"<h4 data-end=\"358\" data-start=\"135\">O Flange Starmix | Platinum \u00e9 projetado para garantir uma fixa\u00e7\u00e3o segura e eficiente de escovas e discos em lavadoras. Com alta durabilidade, \u00e9 ideal para aplica\u00e7\u00f5es profissionais exigentes.<\/h4>\n<h4 data-end=\"386\" data-start=\"360\"><b>Caracter\u00edsticas:<\/b><\/h4>\n<h4 data-end=\"412\" data-start=\"387\"><b>Marcas e Modelos:<\/b><\/h4>\n<h4 data-end=\"412\" data-start=\"387\"><b>Renotex:\u00a0<\/b>MF (com cal\u00e7o)<\/h4>\n<h4 data-end=\"412\" data-start=\"387\"><b>Renotex:\u00a0<\/b>LST (sem cal\u00e7o)<\/h4>\n<h4 data-end=\"412\" data-start=\"387\"><b>Platinum:\u00a0<\/b>LST 51<\/h4>\n<h4 data-end=\"412\" data-start=\"387\"><b>Furo:\u00a0<\/b>128mm<\/h4>\n<h4 data-end=\"412\" data-start=\"387\"><b>Fixa\u00e7\u00e3o\u00a0<\/b>resistente para discos e escovas<\/h4>\n<h4 data-end=\"412\" data-start=\"387\"><b>Compat\u00edvel<\/b>\u00a0com equipamentos industriais<\/h4>\n","protected":false},"featured_media":976,"comment_status":"open","ping_status":"closed","template":"","meta":[],"product_brand":[],"product_cat":[21,45,53],"product_tag":[],"class_list":{"0":"post-943","1":"product","2":"type-product","3":"status-publish","4":"has-post-thumbnail","6":"product_cat-escova-santa-clara","7":"product_cat-flanges","8":"product_cat-produtos","10":"first","11":"outofstock","12":"shipping-taxable","13":"purchasable","14":"product-type-simple"},"_links":{"self":[{"href":"https:\/\/escovasantaclara.com.br\/site\/wp-json\/wp\/v2\/product\/943","targetHints":{"allow":["GET"]}}],"collection":[{"href":"https:\/\/escovasantaclara.com.br\/site\/wp-json\/wp\/v2\/product"}],"about":[{"href":"https:\/\/escovasantaclara.com.br\/site\/wp-json\/wp\/v2\/types\/product"}],"replies":[{"embeddable":true,"href":"https:\/\/escovasantaclara.com.br\/site\/wp-json\/wp\/v2\/comments?post=943"}],"wp:featuredmedia":[{"embeddable":true,"href":"https:\/\/escovasantaclara.com.br\/site\/wp-json\/wp\/v2\/media\/976"}],"wp:attachment":[{"href":"https:\/\/escovasantaclara.com.br\/site\/wp-json\/wp\/v2\/media?parent=943"}],"wp:term":[{"taxonomy":"product_brand","embeddable":true,"href":"https:\/\/escovasantaclara.com.br\/site\/wp-json\/wp\/v2\/product_brand?post=943"},{"taxonomy":"product_cat","embeddable":true,"href":"https:\/\/escovasantaclara.com.br\/site\/wp-json\/wp\/v2\/product_cat?post=943"},{"taxonomy":"product_tag","embeddable":true,"href":"https:\/\/escovasantaclara.com.br\/site\/wp-json\/wp\/v2\/product_tag?post=943"}],"curies":[{"name":"wp","href":"https:\/\/api.w.org\/{rel}","templated":true}]}}