{"id":979,"date":"2025-11-11T14:21:53","date_gmt":"2025-11-11T14:21:53","guid":{"rendered":"https:\/\/projetos.effectecommerce.com.br\/?post_type=product&#038;p=979"},"modified":"2026-03-25T22:57:36","modified_gmt":"2026-03-25T22:57:36","slug":"flange-bandeirantes-grande-para-enceradeiras","status":"publish","type":"product","link":"https:\/\/escovasantaclara.com.br\/site\/produto\/flange-bandeirantes-grande-para-enceradeiras\/","title":{"rendered":"Flange Bandeirantes Grande para Enceradeiras"},"content":{"rendered":"","protected":false},"excerpt":{"rendered":"<h4 data-end=\"379\" data-start=\"146\">O Flange Bandeirantes Grande proporciona fixa\u00e7\u00e3o segura e durabilidade para escovas e discos em enceradeiras industriais. Compat\u00edvel com diversas marcas e modelos, garantindo alto desempenho na limpeza profissional.<\/h4>\n<h4 data-end=\"407\" data-start=\"381\"><b>Caracter\u00edsticas:<\/b><\/h4>\n<h4 data-end=\"694\" data-start=\"408\"><b>Marcas Compat\u00edveis:<\/b><\/h4>\n<h4 data-end=\"694\" data-start=\"408\"><b>\u2013 Bandeirantes:\u00a0<\/b>380mm a 600mm<\/h4>\n<h4 data-end=\"694\" data-start=\"408\"><b>\u2013 Cleaner:\u00a0<\/b>410mm a 510mm<\/h4>\n<h4 data-end=\"694\" data-start=\"408\"><b>\u2013 Clean Up:\u00a0<\/b>510mm<\/h4>\n<h4 data-end=\"694\" data-start=\"408\"><b>\u2013 Compacta:\u00a0<\/b>380mm a 510mm<\/h4>\n<h4 data-end=\"694\" data-start=\"408\"><b>\u2013 Deltec:\u00a0<\/b>510mm<\/h4>\n<h4 data-end=\"694\" data-start=\"408\"><b>\u2013 Deep Clean:\u00a0<\/b>410mm a 510mm<\/h4>\n<h4 data-end=\"694\" data-start=\"408\"><b>\u2013 Marvy:\u00a0<\/b>380mm a 510mm<\/h4>\n<h4 data-end=\"694\" data-start=\"408\"><b>\u2013 Orion Clean:\u00a0<\/b>380mm a 510mm<\/h4>\n<h4 data-end=\"829\" data-start=\"696\"><b>\u2013 Furos dispon\u00edveis:<\/b>\u00a075mm e 205mm<\/h4>\n<h4 data-end=\"829\" data-start=\"696\"><b>\u2013 Alta resist\u00eancia<\/b>\u00a0para uso profissional<\/h4>\n<h4 data-end=\"829\" data-start=\"696\"><b>\u2013 Fixa\u00e7\u00e3o est\u00e1vel\u00a0<\/b>para m\u00e1xima efici\u00eancia<\/h4>\n","protected":false},"featured_media":1008,"comment_status":"open","ping_status":"closed","template":"","meta":[],"product_brand":[],"product_cat":[21,45,53],"product_tag":[],"class_list":{"0":"post-979","1":"product","2":"type-product","3":"status-publish","4":"has-post-thumbnail","6":"product_cat-escova-santa-clara","7":"product_cat-flanges","8":"product_cat-produtos","10":"first","11":"outofstock","12":"shipping-taxable","13":"purchasable","14":"product-type-simple"},"_links":{"self":[{"href":"https:\/\/escovasantaclara.com.br\/site\/wp-json\/wp\/v2\/product\/979","targetHints":{"allow":["GET"]}}],"collection":[{"href":"https:\/\/escovasantaclara.com.br\/site\/wp-json\/wp\/v2\/product"}],"about":[{"href":"https:\/\/escovasantaclara.com.br\/site\/wp-json\/wp\/v2\/types\/product"}],"replies":[{"embeddable":true,"href":"https:\/\/escovasantaclara.com.br\/site\/wp-json\/wp\/v2\/comments?post=979"}],"wp:featuredmedia":[{"embeddable":true,"href":"https:\/\/escovasantaclara.com.br\/site\/wp-json\/wp\/v2\/media\/1008"}],"wp:attachment":[{"href":"https:\/\/escovasantaclara.com.br\/site\/wp-json\/wp\/v2\/media?parent=979"}],"wp:term":[{"taxonomy":"product_brand","embeddable":true,"href":"https:\/\/escovasantaclara.com.br\/site\/wp-json\/wp\/v2\/product_brand?post=979"},{"taxonomy":"product_cat","embeddable":true,"href":"https:\/\/escovasantaclara.com.br\/site\/wp-json\/wp\/v2\/product_cat?post=979"},{"taxonomy":"product_tag","embeddable":true,"href":"https:\/\/escovasantaclara.com.br\/site\/wp-json\/wp\/v2\/product_tag?post=979"}],"curies":[{"name":"wp","href":"https:\/\/api.w.org\/{rel}","templated":true}]}}