{"id":985,"date":"2025-11-11T14:21:53","date_gmt":"2025-11-11T14:21:53","guid":{"rendered":"https:\/\/projetos.effectecommerce.com.br\/?post_type=product&#038;p=985"},"modified":"2026-03-25T22:59:08","modified_gmt":"2026-03-25T22:59:08","slug":"flange-wap-ls-para-enceradeiras-todos-os-modelos","status":"publish","type":"product","link":"https:\/\/escovasantaclara.com.br\/site\/produto\/flange-wap-ls-para-enceradeiras-todos-os-modelos\/","title":{"rendered":"Flange WAP LS para Enceradeiras &#8211; Todos os Modelos"},"content":{"rendered":"","protected":false},"excerpt":{"rendered":"<h4 data-end=\"309\" data-start=\"135\">Flange WAP LS, compat\u00edvel com todos os modelos de enceradeiras WAP LS, oferecendo excelente fixa\u00e7\u00e3o e desempenho para a limpeza industrial e profissional.<\/h4>\n<h4 data-end=\"335\" data-start=\"311\"><b>Caracter\u00edsticas:<\/b><\/h4>\n<h4 data-end=\"564\" data-start=\"336\"><b>\u2013 Di\u00e2metro Compat\u00edvel:<\/b>\u00a0Todos os modelos WAP LS<\/h4>\n<h4 data-end=\"564\" data-start=\"336\"><b>\u2013 Furo:<\/b>\u00a099,5mm<\/h4>\n<h4 data-end=\"564\" data-start=\"336\"><b>\u2013 Fixa\u00e7\u00e3o Segura<\/b>\u00a0para escovas de alta performance<\/h4>\n<h4 data-end=\"564\" data-start=\"336\"><b>\u2013 Durabilidade<\/b>\u00a0em aplica\u00e7\u00f5es intensivas<\/h4>\n<h4 data-end=\"564\" data-start=\"336\"><b>\u2013 Compat\u00edvel com Enceradeiras\u00a0<\/b>WAP LS<\/h4>\n","protected":false},"featured_media":1014,"comment_status":"open","ping_status":"closed","template":"","meta":[],"product_brand":[],"product_cat":[21,45,53],"product_tag":[],"class_list":{"0":"post-985","1":"product","2":"type-product","3":"status-publish","4":"has-post-thumbnail","6":"product_cat-escova-santa-clara","7":"product_cat-flanges","8":"product_cat-produtos","10":"first","11":"outofstock","12":"shipping-taxable","13":"purchasable","14":"product-type-simple"},"_links":{"self":[{"href":"https:\/\/escovasantaclara.com.br\/site\/wp-json\/wp\/v2\/product\/985","targetHints":{"allow":["GET"]}}],"collection":[{"href":"https:\/\/escovasantaclara.com.br\/site\/wp-json\/wp\/v2\/product"}],"about":[{"href":"https:\/\/escovasantaclara.com.br\/site\/wp-json\/wp\/v2\/types\/product"}],"replies":[{"embeddable":true,"href":"https:\/\/escovasantaclara.com.br\/site\/wp-json\/wp\/v2\/comments?post=985"}],"wp:featuredmedia":[{"embeddable":true,"href":"https:\/\/escovasantaclara.com.br\/site\/wp-json\/wp\/v2\/media\/1014"}],"wp:attachment":[{"href":"https:\/\/escovasantaclara.com.br\/site\/wp-json\/wp\/v2\/media?parent=985"}],"wp:term":[{"taxonomy":"product_brand","embeddable":true,"href":"https:\/\/escovasantaclara.com.br\/site\/wp-json\/wp\/v2\/product_brand?post=985"},{"taxonomy":"product_cat","embeddable":true,"href":"https:\/\/escovasantaclara.com.br\/site\/wp-json\/wp\/v2\/product_cat?post=985"},{"taxonomy":"product_tag","embeddable":true,"href":"https:\/\/escovasantaclara.com.br\/site\/wp-json\/wp\/v2\/product_tag?post=985"}],"curies":[{"name":"wp","href":"https:\/\/api.w.org\/{rel}","templated":true}]}}