{"id":986,"date":"2025-11-11T14:21:53","date_gmt":"2025-11-11T14:21:53","guid":{"rendered":"https:\/\/projetos.effectecommerce.com.br\/?post_type=product&#038;p=986"},"modified":"2026-03-25T22:57:46","modified_gmt":"2026-03-25T22:57:46","slug":"flange-bandeirantes-pequeno-diversos-modelos","status":"publish","type":"product","link":"https:\/\/escovasantaclara.com.br\/site\/produto\/flange-bandeirantes-pequeno-diversos-modelos\/","title":{"rendered":"Flange Bandeirantes Pequeno &#8211; Diversos Modelos"},"content":{"rendered":"","protected":false},"excerpt":{"rendered":"<h4 data-end=\"358\" data-start=\"144\">Flange Bandeirantes Pequeno, ideal para diferentes marcas e tamanhos. Compat\u00edvel com diversos modelos de escovas de 270mm a 410mm e furo de 65mm, garantindo excelente fixa\u00e7\u00e3o e desempenho superior.<\/h4>\n<h4 data-end=\"388\" data-start=\"360\"><b>Modelos Compat\u00edveis:<\/b><\/h4>\n<h4 data-end=\"388\" data-start=\"360\"><b>All Clean:\u00a0<\/b>300mm a 350mm<\/h4>\n<h4 data-end=\"388\" data-start=\"360\"><b>Bandeirantes:\u00a0<\/b>270mm a 350mm<\/h4>\n<h4 data-end=\"388\" data-start=\"360\"><b>Cleaner:<\/b>\u00a0270mm a 350mm<\/h4>\n<h4 data-end=\"388\" data-start=\"360\"><b>Clean Up:<\/b>\u00a0300mm a 410mm<\/h4>\n<h4 data-end=\"388\" data-start=\"360\"><b>Compacta:\u00a0<\/b>270mm a 350mm<\/h4>\n<h4 data-end=\"388\" data-start=\"360\"><b>Deltec:\u00a0<\/b>300mm a 410mm<\/h4>\n<h4 data-end=\"388\" data-start=\"360\"><b>Deep Clean:<\/b>\u00a0300mm a 350mm<\/h4>\n<h4 data-end=\"388\" data-start=\"360\"><b>Marvy:\u00a0<\/b>300mm a 350mm<\/h4>\n<h4 data-end=\"388\" data-start=\"360\"><b>Orion Clean:<\/b>\u00a0270mm a 350mm<\/h4>\n<h4 data-end=\"388\" data-start=\"360\"><b>Stalux:\u00a0<\/b>300mm a 410mm<\/h4>\n<h4 data-end=\"736\" data-start=\"712\"><b>Caracter\u00edsticas:<\/b><\/h4>\n<h4 data-end=\"951\" data-start=\"737\"><b>Di\u00e2metro das Escovas Compat\u00edveis:<\/b>\u00a0270mm a 410mm<\/h4>\n<h4 data-end=\"951\" data-start=\"737\"><b>Furo:<\/b>\u00a065mm<\/h4>\n<h4 data-end=\"951\" data-start=\"737\"><b>Fix<\/b><b>a\u00e7\u00e3o Confi\u00e1vel<\/b>\u00a0para Enceradeiras de Diferentes Modelos<\/h4>\n<h4 data-end=\"951\" data-start=\"737\"><b>Alta Performance e Durabilidade<\/b>\u00a0em Opera\u00e7\u00f5es Intensivas<\/h4>\n","protected":false},"featured_media":1015,"comment_status":"open","ping_status":"closed","template":"","meta":[],"product_brand":[],"product_cat":[21,45,53],"product_tag":[],"class_list":{"0":"post-986","1":"product","2":"type-product","3":"status-publish","4":"has-post-thumbnail","6":"product_cat-escova-santa-clara","7":"product_cat-flanges","8":"product_cat-produtos","10":"first","11":"outofstock","12":"shipping-taxable","13":"purchasable","14":"product-type-simple"},"_links":{"self":[{"href":"https:\/\/escovasantaclara.com.br\/site\/wp-json\/wp\/v2\/product\/986","targetHints":{"allow":["GET"]}}],"collection":[{"href":"https:\/\/escovasantaclara.com.br\/site\/wp-json\/wp\/v2\/product"}],"about":[{"href":"https:\/\/escovasantaclara.com.br\/site\/wp-json\/wp\/v2\/types\/product"}],"replies":[{"embeddable":true,"href":"https:\/\/escovasantaclara.com.br\/site\/wp-json\/wp\/v2\/comments?post=986"}],"wp:featuredmedia":[{"embeddable":true,"href":"https:\/\/escovasantaclara.com.br\/site\/wp-json\/wp\/v2\/media\/1015"}],"wp:attachment":[{"href":"https:\/\/escovasantaclara.com.br\/site\/wp-json\/wp\/v2\/media?parent=986"}],"wp:term":[{"taxonomy":"product_brand","embeddable":true,"href":"https:\/\/escovasantaclara.com.br\/site\/wp-json\/wp\/v2\/product_brand?post=986"},{"taxonomy":"product_cat","embeddable":true,"href":"https:\/\/escovasantaclara.com.br\/site\/wp-json\/wp\/v2\/product_cat?post=986"},{"taxonomy":"product_tag","embeddable":true,"href":"https:\/\/escovasantaclara.com.br\/site\/wp-json\/wp\/v2\/product_tag?post=986"}],"curies":[{"name":"wp","href":"https:\/\/api.w.org\/{rel}","templated":true}]}}